{"id":1483,"date":"2020-09-15T10:08:42","date_gmt":"2020-09-15T10:08:42","guid":{"rendered":"http:\/\/s836057108.onlinehome.fr\/los-sitios"},"modified":"2025-09-29T14:48:00","modified_gmt":"2025-09-29T14:48:00","slug":"sitios","status":"publish","type":"page","link":"https:\/\/www.camping-les-sableres.com\/es\/sitios","title":{"rendered":"Los Sitios"},"content":{"rendered":"<div class=\"wpb-content-wrapper\"><p>[vc_row full_width=\u00bbstretch_row_content_no_spaces\u00bb css=\u00bb.vc_custom_1595854815086{margin-top: -100px !important;padding-top: 50px !important;padding-bottom: 50px !important;background-image: url(http:\/\/s836057108.onlinehome.fr\/wp-content\/uploads\/2020\/07\/vague-bleu.png?id=532) !important;background-position: center !important;background-repeat: no-repeat !important;background-size: cover !important;}\u00bb][vc_column icons_position=\u00bbleft\u00bb]<div id=\"sc_title_1364954723\"\n\t\tclass=\"sc_title color_style_default sc_title_default\"><h2 class=\"sc_item_title sc_title_title sc_align_center sc_item_title_style_default\">\u00a1 Parcelas para todos! El Camping Municipal Les Sabl\u00e8res oferce parcelas por tiendas, caravanas o autocaravana.<\/h2><h6 class=\"sc_item_subtitle sc_title_subtitle sc_align_center sc_item_title_style_default\">El Camping Municipal Les Sabl\u00e8res oferce parcelas por tiendas, caravanas o autocaravana.<\/h6><\/div><!-- \/.sc_title -->[\/vc_column][\/vc_row][vc_row full_width=\u00bbstretch_row_content_no_spaces\u00bb equal_height=\u00bbyes\u00bb css=\u00bb.vc_custom_1595924396643{margin-top: 100px !important;}\u00bb][vc_column icons_position=\u00bbleft\u00bb][vc_single_image image=\u00bb958&#8243; img_size=\u00bbfull\u00bb alignment=\u00bbcenter\u00bb][\/vc_column][\/vc_row][vc_row full_width=\u00bbstretch_row_content_no_spaces\u00bb][vc_column icons_position=\u00bbleft\u00bb][vc_empty_space height=\u00bb50px\u00bb alter_height=\u00bbsmall\u00bb hide_on_desktop=\u00bb\u00bb hide_on_notebook=\u00bb\u00bb hide_on_tablet=\u00bb\u00bb hide_on_mobile=\u00bb\u00bb][vc_column_text]<\/p>\n<h2 style=\"font-size: 1.8em; text-align: center;\">\u00a1Tiendas, caravanas, furgonetas, todos est\u00e1n bienvenidos!<\/h2>\n<ul style=\"text-align: center; color: black; line-height: 2; list-style: none; font-size: 1em;\">\n<li style=\"text-align: center;\">Parcela sin o con luz.<\/li>\n<li style=\"text-align: center;\">Enchufes el\u00e9ctricos de 10A, conforme a las normas europeas.<\/li>\n<li style=\"text-align: center;\">Barbacoas individuales el\u00e9ctricas o de gas permitidas sobre las parcelas.<\/li>\n<li style=\"text-align: center;\">Grand Confort parcelas est\u00e1n reservadas<\/li>\n<li style=\"text-align: center;\">para caravanas y autocaravanas solamente.<\/li>\n<\/ul>\n<p>[\/vc_column_text][vc_btn title=\u00bbReserva\u00bb shape=\u00bbround\u00bb color=\u00bbvista-blue\u00bb align=\u00bbcenter\u00bb css=\u00bb.vc_custom_1601560999888{margin-top: 40px !important;background-color: #ffffff !important;}\u00bb link=\u00bburl:https%3A%2F%2Fthelisresa.webcamp.fr%2F%3Fcamping%3Dvboucau%26lang%3Dfr%26PHPSESSID%3D15kfdhnco490e8qem8glhn8j6e|||\u00bb][\/vc_column][\/vc_row][vc_row full_width=\u00bbstretch_row_content_no_spaces\u00bb css=\u00bb.vc_custom_1596020988591{margin-top: 50px !important;padding-top: 50px !important;padding-bottom: 50px !important;background-color: #029bde !important;background-size: cover !important;}\u00bb][vc_column width=\u00bb1\/4&#8243; icons_position=\u00bbleft\u00bb][vc_single_image image=\u00bb946&#8243; img_size=\u00bbmedium\u00bb alignment=\u00bbcenter\u00bb][vc_column_text css=\u00bb.vc_custom_1604410449463{margin-top: 30px !important;margin-bottom: 30px !important;}\u00bb]<\/p>\n<p style=\"text-align: center; color: white; font-size: 15px; font-family: 'Permanent Marker', cursive; line-height: 1.5;\">Por un sitio :<br \/>\nVacaciones gratis<br \/>\npor ni\u00f1os menos de 7 a\u00f1os.<\/p>\n<p>[\/vc_column_text][\/vc_column][vc_column width=\u00bb1\/4&#8243; icons_position=\u00bbleft\u00bb][vc_single_image image=\u00bb949&#8243; img_size=\u00bbmedium\u00bb alignment=\u00bbcenter\u00bb][vc_column_text css=\u00bb.vc_custom_1604410366360{margin-top: 30px !important;margin-bottom: 30px !important;}\u00bb]<\/p>\n<p style=\"text-align: center; color: white; font-size: 15px; font-family: 'Permanent Marker', cursive; line-height: 1.5;\">Maximo 4 Adultos por parcela.<\/p>\n<p>[\/vc_column_text][\/vc_column][vc_column width=\u00bb1\/4&#8243; icons_position=\u00bbleft\u00bb][vc_single_image image=\u00bb952&#8243; img_size=\u00bbmedium\u00bb alignment=\u00bbcenter\u00bb][vc_column_text css=\u00bb.vc_custom_1604410590196{margin-top: 30px !important;margin-bottom: 30px !important;}\u00bb]<\/p>\n<p style=\"text-align: center; color: white; font-size: 15px; font-family: 'Permanent Marker', cursive; line-height: 1.5;\">Nuestros amigos los perros est\u00e1n bienvenidos, tienen que estar atados<\/p>\n<p>[\/vc_column_text][\/vc_column][vc_column width=\u00bb1\/4&#8243; icons_position=\u00bbleft\u00bb][vc_single_image image=\u00bb955&#8243; img_size=\u00bbmedium\u00bb alignment=\u00bbcenter\u00bb][vc_column_text css=\u00bb.vc_custom_1604410569725{margin-top: 30px !important;}\u00bb]<\/p>\n<p style=\"text-align: center; color: white; font-size: 15px; font-family: 'Permanent Marker', cursive; line-height: 1.5;\">y registrados a la oficina<br \/>\n(presentar su cartilla con el numero de microchip).<\/p>\n<p>[\/vc_column_text][\/vc_column][\/vc_row][vc_row full_width=\u00bbstretch_row_content_no_spaces\u00bb css=\u00bb.vc_custom_1595878155829{margin-top: 100px !important;}\u00bb][vc_column icons_position=\u00bbleft\u00bb][vc_column_text]<\/p>\n<p style=\"font-size: 1.5em; color: black; text-align: center;\">Para su comodidad y seguridad, el camping es supervisado por 2 agentes todas las noches desde el 1 de julio hasta el 31 de agosto.<\/p>\n<p>[\/vc_column_text][\/vc_column][\/vc_row]<\/p>\n<\/div>","protected":false},"excerpt":{"rendered":"<p>[vc_row full_width=\u00bbstretch_row_content_no_spaces\u00bb css=\u00bb.vc_custom_1595854815086{margin-top: -100px !important;padding-top: 50px !important;padding-bottom: 50px !important;background-image: url(http:\/\/s836057108.onlinehome.fr\/wp-content\/uploads\/2020\/07\/vague-bleu.png?id=532) !important;background-position: center !important;background-repeat: no-repeat !important;background-size: cover !important;}\u00bb][vc_column icons_position=\u00bbleft\u00bb][\/vc_column][\/vc_row][vc_row full_width=\u00bbstretch_row_content_no_spaces\u00bb equal_height=\u00bbyes\u00bb css=\u00bb.vc_custom_1595924396643{margin-top: 100px !important;}\u00bb][vc_column icons_position=\u00bbleft\u00bb][vc_single_image image=\u00bb958&#8243; img_size=\u00bbfull\u00bb alignment=\u00bbcenter\u00bb][\/vc_column][\/vc_row][vc_row full_width=\u00bbstretch_row_content_no_spaces\u00bb][vc_column icons_position=\u00bbleft\u00bb][vc_empty_space height=\u00bb50px\u00bb alter_height=\u00bbsmall\u00bb hide_on_desktop=\u00bb\u00bb hide_on_notebook=\u00bb\u00bb hide_on_tablet=\u00bb\u00bb hide_on_mobile=\u00bb\u00bb][vc_column_text] \u00a1Tiendas, caravanas, furgonetas, todos est\u00e1n bienvenidos! Parcela sin o con luz. Enchufes el\u00e9ctricos de 10A, conforme a las normas europeas. Barbacoas individuales el\u00e9ctricas o de&hellip;<\/p>\n","protected":false},"author":2,"featured_media":0,"parent":0,"menu_order":0,"comment_status":"closed","ping_status":"closed","template":"","meta":{"inline_featured_image":false,"footnotes":""},"class_list":["post-1483","page","type-page","status-publish","hentry"],"yoast_head":"<!-- This site is optimized with the Yoast SEO plugin v26.8 - https:\/\/yoast.com\/product\/yoast-seo-wordpress\/ -->\n<title>Los Sitios -<\/title>\n<meta name=\"robots\" content=\"index, follow, max-snippet:-1, max-image-preview:large, max-video-preview:-1\" \/>\n<link rel=\"canonical\" href=\"https:\/\/www.camping-les-sableres.com\/es\/sitios\" \/>\n<meta property=\"og:locale\" content=\"es_ES\" \/>\n<meta property=\"og:type\" content=\"article\" \/>\n<meta property=\"og:title\" content=\"Los Sitios -\" \/>\n<meta property=\"og:description\" content=\"[vc_row full_width=\u00bbstretch_row_content_no_spaces\u00bb css=\u00bb.vc_custom_1595854815086{margin-top: -100px !important;padding-top: 50px !important;padding-bottom: 50px !important;background-image: url(http:\/\/s836057108.onlinehome.fr\/wp-content\/uploads\/2020\/07\/vague-bleu.png?id=532) !important;background-position: center !important;background-repeat: no-repeat !important;background-size: cover !important;}\u00bb][vc_column icons_position=\u00bbleft\u00bb][\/vc_column][\/vc_row][vc_row full_width=\u00bbstretch_row_content_no_spaces\u00bb equal_height=\u00bbyes\u00bb css=\u00bb.vc_custom_1595924396643{margin-top: 100px !important;}\u00bb][vc_column icons_position=\u00bbleft\u00bb][vc_single_image image=\u00bb958&#8243; img_size=\u00bbfull\u00bb alignment=\u00bbcenter\u00bb][\/vc_column][\/vc_row][vc_row full_width=\u00bbstretch_row_content_no_spaces\u00bb][vc_column icons_position=\u00bbleft\u00bb][vc_empty_space height=\u00bb50px\u00bb alter_height=\u00bbsmall\u00bb hide_on_desktop=\u00bb\u00bb hide_on_notebook=\u00bb\u00bb hide_on_tablet=\u00bb\u00bb hide_on_mobile=\u00bb\u00bb][vc_column_text] \u00a1Tiendas, caravanas, furgonetas, todos est\u00e1n bienvenidos! Parcela sin o con luz. Enchufes el\u00e9ctricos de 10A, conforme a las normas europeas. Barbacoas individuales el\u00e9ctricas o de&hellip;\" \/>\n<meta property=\"og:url\" content=\"https:\/\/www.camping-les-sableres.com\/es\/sitios\" \/>\n<meta property=\"article:modified_time\" content=\"2025-09-29T14:48:00+00:00\" \/>\n<meta name=\"twitter:card\" content=\"summary_large_image\" \/>\n<meta name=\"twitter:label1\" content=\"Tiempo de lectura\" \/>\n\t<meta name=\"twitter:data1\" content=\"3 minutos\" \/>\n<script type=\"application\/ld+json\" class=\"yoast-schema-graph\">{\"@context\":\"https:\/\/schema.org\",\"@graph\":[{\"@type\":\"WebPage\",\"@id\":\"https:\/\/www.camping-les-sableres.com\/es\/sitios\",\"url\":\"https:\/\/www.camping-les-sableres.com\/es\/sitios\",\"name\":\"Los Sitios -\",\"isPartOf\":{\"@id\":\"https:\/\/www.camping-les-sableres.com\/#website\"},\"datePublished\":\"2020-09-15T10:08:42+00:00\",\"dateModified\":\"2025-09-29T14:48:00+00:00\",\"breadcrumb\":{\"@id\":\"https:\/\/www.camping-les-sableres.com\/es\/sitios#breadcrumb\"},\"inLanguage\":\"es\",\"potentialAction\":[{\"@type\":\"ReadAction\",\"target\":[\"https:\/\/www.camping-les-sableres.com\/es\/sitios\"]}]},{\"@type\":\"BreadcrumbList\",\"@id\":\"https:\/\/www.camping-les-sableres.com\/es\/sitios#breadcrumb\",\"itemListElement\":[{\"@type\":\"ListItem\",\"position\":1,\"name\":\"Accueil\",\"item\":\"https:\/\/www.camping-les-sableres.com\/es\"},{\"@type\":\"ListItem\",\"position\":2,\"name\":\"Los Sitios\"}]},{\"@type\":\"WebSite\",\"@id\":\"https:\/\/www.camping-les-sableres.com\/#website\",\"url\":\"https:\/\/www.camping-les-sableres.com\/\",\"name\":\"\",\"description\":\"\",\"potentialAction\":[{\"@type\":\"SearchAction\",\"target\":{\"@type\":\"EntryPoint\",\"urlTemplate\":\"https:\/\/www.camping-les-sableres.com\/?s={search_term_string}\"},\"query-input\":{\"@type\":\"PropertyValueSpecification\",\"valueRequired\":true,\"valueName\":\"search_term_string\"}}],\"inLanguage\":\"es\"}]}<\/script>\n<!-- \/ Yoast SEO plugin. -->","yoast_head_json":{"title":"Los Sitios -","robots":{"index":"index","follow":"follow","max-snippet":"max-snippet:-1","max-image-preview":"max-image-preview:large","max-video-preview":"max-video-preview:-1"},"canonical":"https:\/\/www.camping-les-sableres.com\/es\/sitios","og_locale":"es_ES","og_type":"article","og_title":"Los Sitios -","og_description":"[vc_row full_width=\u00bbstretch_row_content_no_spaces\u00bb css=\u00bb.vc_custom_1595854815086{margin-top: -100px !important;padding-top: 50px !important;padding-bottom: 50px !important;background-image: url(http:\/\/s836057108.onlinehome.fr\/wp-content\/uploads\/2020\/07\/vague-bleu.png?id=532) !important;background-position: center !important;background-repeat: no-repeat !important;background-size: cover !important;}\u00bb][vc_column icons_position=\u00bbleft\u00bb][\/vc_column][\/vc_row][vc_row full_width=\u00bbstretch_row_content_no_spaces\u00bb equal_height=\u00bbyes\u00bb css=\u00bb.vc_custom_1595924396643{margin-top: 100px !important;}\u00bb][vc_column icons_position=\u00bbleft\u00bb][vc_single_image image=\u00bb958&#8243; img_size=\u00bbfull\u00bb alignment=\u00bbcenter\u00bb][\/vc_column][\/vc_row][vc_row full_width=\u00bbstretch_row_content_no_spaces\u00bb][vc_column icons_position=\u00bbleft\u00bb][vc_empty_space height=\u00bb50px\u00bb alter_height=\u00bbsmall\u00bb hide_on_desktop=\u00bb\u00bb hide_on_notebook=\u00bb\u00bb hide_on_tablet=\u00bb\u00bb hide_on_mobile=\u00bb\u00bb][vc_column_text] \u00a1Tiendas, caravanas, furgonetas, todos est\u00e1n bienvenidos! Parcela sin o con luz. Enchufes el\u00e9ctricos de 10A, conforme a las normas europeas. Barbacoas individuales el\u00e9ctricas o de&hellip;","og_url":"https:\/\/www.camping-les-sableres.com\/es\/sitios","article_modified_time":"2025-09-29T14:48:00+00:00","twitter_card":"summary_large_image","twitter_misc":{"Tiempo de lectura":"3 minutos"},"schema":{"@context":"https:\/\/schema.org","@graph":[{"@type":"WebPage","@id":"https:\/\/www.camping-les-sableres.com\/es\/sitios","url":"https:\/\/www.camping-les-sableres.com\/es\/sitios","name":"Los Sitios -","isPartOf":{"@id":"https:\/\/www.camping-les-sableres.com\/#website"},"datePublished":"2020-09-15T10:08:42+00:00","dateModified":"2025-09-29T14:48:00+00:00","breadcrumb":{"@id":"https:\/\/www.camping-les-sableres.com\/es\/sitios#breadcrumb"},"inLanguage":"es","potentialAction":[{"@type":"ReadAction","target":["https:\/\/www.camping-les-sableres.com\/es\/sitios"]}]},{"@type":"BreadcrumbList","@id":"https:\/\/www.camping-les-sableres.com\/es\/sitios#breadcrumb","itemListElement":[{"@type":"ListItem","position":1,"name":"Accueil","item":"https:\/\/www.camping-les-sableres.com\/es"},{"@type":"ListItem","position":2,"name":"Los Sitios"}]},{"@type":"WebSite","@id":"https:\/\/www.camping-les-sableres.com\/#website","url":"https:\/\/www.camping-les-sableres.com\/","name":"","description":"","potentialAction":[{"@type":"SearchAction","target":{"@type":"EntryPoint","urlTemplate":"https:\/\/www.camping-les-sableres.com\/?s={search_term_string}"},"query-input":{"@type":"PropertyValueSpecification","valueRequired":true,"valueName":"search_term_string"}}],"inLanguage":"es"}]}},"_links":{"self":[{"href":"https:\/\/www.camping-les-sableres.com\/es\/wp-json\/wp\/v2\/pages\/1483","targetHints":{"allow":["GET"]}}],"collection":[{"href":"https:\/\/www.camping-les-sableres.com\/es\/wp-json\/wp\/v2\/pages"}],"about":[{"href":"https:\/\/www.camping-les-sableres.com\/es\/wp-json\/wp\/v2\/types\/page"}],"author":[{"embeddable":true,"href":"https:\/\/www.camping-les-sableres.com\/es\/wp-json\/wp\/v2\/users\/2"}],"replies":[{"embeddable":true,"href":"https:\/\/www.camping-les-sableres.com\/es\/wp-json\/wp\/v2\/comments?post=1483"}],"version-history":[{"count":14,"href":"https:\/\/www.camping-les-sableres.com\/es\/wp-json\/wp\/v2\/pages\/1483\/revisions"}],"predecessor-version":[{"id":2824,"href":"https:\/\/www.camping-les-sableres.com\/es\/wp-json\/wp\/v2\/pages\/1483\/revisions\/2824"}],"wp:attachment":[{"href":"https:\/\/www.camping-les-sableres.com\/es\/wp-json\/wp\/v2\/media?parent=1483"}],"curies":[{"name":"wp","href":"https:\/\/api.w.org\/{rel}","templated":true}]}}