{"id":1012,"date":"2020-07-28T12:09:27","date_gmt":"2020-07-28T12:09:27","guid":{"rendered":"http:\/\/s836057108.onlinehome.fr\/contacto"},"modified":"2024-10-04T15:20:34","modified_gmt":"2024-10-04T15:20:34","slug":"contacto","status":"publish","type":"page","link":"https:\/\/www.camping-les-sableres.com\/es\/contacto","title":{"rendered":"Contacto"},"content":{"rendered":"<div class=\"wpb-content-wrapper\"><p>[vc_row full_width=\u00bbstretch_row_content_no_spaces\u00bb css=\u00bb.vc_custom_1595841019447{margin-top: -50px !important;padding-top: 100px !important;padding-bottom: 100px !important;background-image: url(http:\/\/s836057108.onlinehome.fr\/wp-content\/uploads\/2020\/07\/vague-bleu-1.png?id=602) !important;background-position: center !important;background-repeat: no-repeat !important;background-size: cover !important;}\u00bb][vc_column icons_position=\u00bbleft\u00bb]<div id=\"sc_title_712718563\"\n\t\tclass=\"sc_title color_style_default sc_title_default\"><h2 class=\"sc_item_title sc_title_title sc_align_center sc_item_title_style_default\">Enviar un mensaje a Camping Municipal Les Sabl\u00e8res<\/h2><\/div><!-- \/.sc_title -->[\/vc_column][\/vc_row][vc_row][vc_column icons_position=\u00bbleft\u00bb]<div id=\"sc_content_163581410\"\n\t\tclass=\"sc_content color_style_default sc_content_default sc_float_center\"><div class=\"sc_content_container\">[vc_column_text css=\u00bb\u00bb]<\/p>\n<p style=\"text-align: center;\">Si quieres dejarnos un mensaje, hacernos una pregunta o realizar una solicitud de reserva, d\u00e9janos un mensaje a continuaci\u00f3n, \u00a1te responderemos lo antes posible!<\/p>\n<p>[\/vc_column_text]<\/div><\/div><!-- \/.sc_content --><div\n\t id=\"sc_form_918113381\"\tclass=\"sc_form color_style_default sc_form_default sc_align_Default\"><form class=\"sc_form_form \" method=\"post\" action=\"https:\/\/www.camping-les-sableres.com\/wp-admin\/admin-ajax.php\"><input type=\"hidden\" name=\"form_data\" value=\"1513081533\"><div class=\"sc_form_details trx_addons_columns_wrap\"><div class=\"trx_addons_column-1_2\"><label class=\"sc_form_field sc_form_field_name sc_form_field_text required\"><span class=\"sc_form_field_wrap\"><input type=\"text\" \n\t\t\t\t\tname=\"name\"\n\t\t\t\t\tid=\"name_1722535841\"\n\t\t\t\t\tvalue=\"\" aria-required=\"true\" placeholder=\"Your name\"><\/span><\/label><\/div><div class=\"trx_addons_column-1_2\"><label class=\"sc_form_field sc_form_field_email sc_form_field_text required\"><span class=\"sc_form_field_wrap\"><input type=\"text\" \n\t\t\t\t\tname=\"email\"\n\t\t\t\t\tid=\"email_1720226095\"\n\t\t\t\t\tvalue=\"\" aria-required=\"true\" placeholder=\"Your e-mail\"><\/span><\/label><\/div><\/div><label class=\"sc_form_field sc_form_field_message sc_form_field_textarea required\"><span class=\"sc_form_field_wrap\"><textarea\n\t\t\t\tname=\"message\"\n\t\t\t\tid=\"message_1930019572\" aria-required=\"true\" placeholder=\"Your message\"><\/textarea><\/span><\/label><div class=\"sc_form_field sc_form_field_checkbox\"><input type=\"checkbox\" id=\"i_agree_privacy_policy_sc_form_1\" name=\"i_agree_privacy_policy\" class=\"sc_form_privacy_checkbox\" value=\"1\">\n            <label for=\"i_agree_privacy_policy_sc_form_1\">I agree that my submitted data is being collected and stored. For further details on handling user data, see our <a href=\"https:\/\/www.camping-les-sableres.com\/privacy_policy\" target=\"_blank\">Privacy Policy<\/a><\/label>\n            <\/div><div class=\"sc_form_field sc_form_field_button sc_form_field_submit\"><button class=\"\" disabled=\"disabled\">Enviar<\/button>\n        <\/div>\n        <div class=\"trx_addons_message_box sc_form_result\"><\/div>\n        <\/form><\/div><!-- \/.sc_form -->[\/vc_column][\/vc_row][vc_row][vc_column icons_position=\u00bbleft\u00bb][vc_column_text]<\/p>\n<h2 style=\"text-align: center; font-size: 2em;\">Confidencialidad<\/h2>\n<p>[\/vc_column_text][vc_column_text]<\/p>\n<p style=\"color: black; font-size: 12px; text-align: left;\">La informaci\u00f3n proporcionada en este formulario solo se utilizar\u00e1 con el fin de procesar su solicitud y se mantendr\u00e1 estrictamente confidencial. De conformidad con la Ley de Protecci\u00f3n de Datos del 6 de enero de 1978, tiene derecho a acceder, modificar, rectificar y eliminar los datos que le conciernen.<\/p>\n<p style=\"color: black; font-size: 12px; text-align: left;\">Puede ejercer este derecho escribiendo al \u00abCamping Municipal Les Sabl\u00e8res\u00bb cuya direcci\u00f3n es:<\/p>\n<p style=\"color: black; font-size: 12px; text-align: left;\">Camping Municipal Les Sabl\u00e8res<br \/>\nBd du Marension<br \/>\n40480 Vieux-Boucau<br \/>\n(Francia)<br \/>\nCorreo electr\u00f3nico: contact@camping-les-sableres.com[\/vc_column_text][\/vc_column][\/vc_row]<\/p>\n<\/div>","protected":false},"excerpt":{"rendered":"<p>[vc_row full_width=\u00bbstretch_row_content_no_spaces\u00bb css=\u00bb.vc_custom_1595841019447{margin-top: -50px !important;padding-top: 100px !important;padding-bottom: 100px !important;background-image: url(http:\/\/s836057108.onlinehome.fr\/wp-content\/uploads\/2020\/07\/vague-bleu-1.png?id=602) !important;background-position: center !important;background-repeat: no-repeat !important;background-size: cover !important;}\u00bb][vc_column icons_position=\u00bbleft\u00bb][\/vc_column][\/vc_row][vc_row][vc_column icons_position=\u00bbleft\u00bb][\/vc_column][\/vc_row][vc_row][vc_column icons_position=\u00bbleft\u00bb][vc_column_text] Confidencialidad [\/vc_column_text][vc_column_text] La informaci\u00f3n proporcionada en este formulario solo se utilizar\u00e1 con el fin de procesar su solicitud y se mantendr\u00e1 estrictamente confidencial. De conformidad con la Ley de Protecci\u00f3n de Datos del 6 de enero de 1978, tiene derecho&hellip;<\/p>\n","protected":false},"author":1,"featured_media":0,"parent":0,"menu_order":0,"comment_status":"closed","ping_status":"closed","template":"","meta":{"inline_featured_image":false,"footnotes":""},"class_list":["post-1012","page","type-page","status-publish","hentry"],"yoast_head":"<!-- This site is optimized with the Yoast SEO plugin v26.8 - https:\/\/yoast.com\/product\/yoast-seo-wordpress\/ -->\n<title>Contacto -<\/title>\n<meta name=\"robots\" content=\"index, follow, max-snippet:-1, max-image-preview:large, max-video-preview:-1\" \/>\n<link rel=\"canonical\" href=\"https:\/\/www.camping-les-sableres.com\/es\/contacto\" \/>\n<meta property=\"og:locale\" content=\"es_ES\" \/>\n<meta property=\"og:type\" content=\"article\" \/>\n<meta property=\"og:title\" content=\"Contacto -\" \/>\n<meta property=\"og:description\" content=\"[vc_row full_width=\u00bbstretch_row_content_no_spaces\u00bb css=\u00bb.vc_custom_1595841019447{margin-top: -50px !important;padding-top: 100px !important;padding-bottom: 100px !important;background-image: url(http:\/\/s836057108.onlinehome.fr\/wp-content\/uploads\/2020\/07\/vague-bleu-1.png?id=602) !important;background-position: center !important;background-repeat: no-repeat !important;background-size: cover !important;}\u00bb][vc_column icons_position=\u00bbleft\u00bb][\/vc_column][\/vc_row][vc_row][vc_column icons_position=\u00bbleft\u00bb][\/vc_column][\/vc_row][vc_row][vc_column icons_position=\u00bbleft\u00bb][vc_column_text] Confidencialidad [\/vc_column_text][vc_column_text] La informaci\u00f3n proporcionada en este formulario solo se utilizar\u00e1 con el fin de procesar su solicitud y se mantendr\u00e1 estrictamente confidencial. De conformidad con la Ley de Protecci\u00f3n de Datos del 6 de enero de 1978, tiene derecho&hellip;\" \/>\n<meta property=\"og:url\" content=\"https:\/\/www.camping-les-sableres.com\/es\/contacto\" \/>\n<meta property=\"article:modified_time\" content=\"2024-10-04T15:20:34+00:00\" \/>\n<meta name=\"twitter:card\" content=\"summary_large_image\" \/>\n<meta name=\"twitter:label1\" content=\"Tiempo de lectura\" \/>\n\t<meta name=\"twitter:data1\" content=\"1 minuto\" \/>\n<script type=\"application\/ld+json\" class=\"yoast-schema-graph\">{\"@context\":\"https:\/\/schema.org\",\"@graph\":[{\"@type\":\"WebPage\",\"@id\":\"https:\/\/www.camping-les-sableres.com\/es\/contacto\",\"url\":\"https:\/\/www.camping-les-sableres.com\/es\/contacto\",\"name\":\"Contacto -\",\"isPartOf\":{\"@id\":\"https:\/\/www.camping-les-sableres.com\/#website\"},\"datePublished\":\"2020-07-28T12:09:27+00:00\",\"dateModified\":\"2024-10-04T15:20:34+00:00\",\"breadcrumb\":{\"@id\":\"https:\/\/www.camping-les-sableres.com\/es\/contacto#breadcrumb\"},\"inLanguage\":\"es\",\"potentialAction\":[{\"@type\":\"ReadAction\",\"target\":[\"https:\/\/www.camping-les-sableres.com\/es\/contacto\"]}]},{\"@type\":\"BreadcrumbList\",\"@id\":\"https:\/\/www.camping-les-sableres.com\/es\/contacto#breadcrumb\",\"itemListElement\":[{\"@type\":\"ListItem\",\"position\":1,\"name\":\"Accueil\",\"item\":\"https:\/\/www.camping-les-sableres.com\/es\"},{\"@type\":\"ListItem\",\"position\":2,\"name\":\"Contacto\"}]},{\"@type\":\"WebSite\",\"@id\":\"https:\/\/www.camping-les-sableres.com\/#website\",\"url\":\"https:\/\/www.camping-les-sableres.com\/\",\"name\":\"\",\"description\":\"\",\"potentialAction\":[{\"@type\":\"SearchAction\",\"target\":{\"@type\":\"EntryPoint\",\"urlTemplate\":\"https:\/\/www.camping-les-sableres.com\/?s={search_term_string}\"},\"query-input\":{\"@type\":\"PropertyValueSpecification\",\"valueRequired\":true,\"valueName\":\"search_term_string\"}}],\"inLanguage\":\"es\"}]}<\/script>\n<!-- \/ Yoast SEO plugin. -->","yoast_head_json":{"title":"Contacto -","robots":{"index":"index","follow":"follow","max-snippet":"max-snippet:-1","max-image-preview":"max-image-preview:large","max-video-preview":"max-video-preview:-1"},"canonical":"https:\/\/www.camping-les-sableres.com\/es\/contacto","og_locale":"es_ES","og_type":"article","og_title":"Contacto -","og_description":"[vc_row full_width=\u00bbstretch_row_content_no_spaces\u00bb css=\u00bb.vc_custom_1595841019447{margin-top: -50px !important;padding-top: 100px !important;padding-bottom: 100px !important;background-image: url(http:\/\/s836057108.onlinehome.fr\/wp-content\/uploads\/2020\/07\/vague-bleu-1.png?id=602) !important;background-position: center !important;background-repeat: no-repeat !important;background-size: cover !important;}\u00bb][vc_column icons_position=\u00bbleft\u00bb][\/vc_column][\/vc_row][vc_row][vc_column icons_position=\u00bbleft\u00bb][\/vc_column][\/vc_row][vc_row][vc_column icons_position=\u00bbleft\u00bb][vc_column_text] Confidencialidad [\/vc_column_text][vc_column_text] La informaci\u00f3n proporcionada en este formulario solo se utilizar\u00e1 con el fin de procesar su solicitud y se mantendr\u00e1 estrictamente confidencial. De conformidad con la Ley de Protecci\u00f3n de Datos del 6 de enero de 1978, tiene derecho&hellip;","og_url":"https:\/\/www.camping-les-sableres.com\/es\/contacto","article_modified_time":"2024-10-04T15:20:34+00:00","twitter_card":"summary_large_image","twitter_misc":{"Tiempo de lectura":"1 minuto"},"schema":{"@context":"https:\/\/schema.org","@graph":[{"@type":"WebPage","@id":"https:\/\/www.camping-les-sableres.com\/es\/contacto","url":"https:\/\/www.camping-les-sableres.com\/es\/contacto","name":"Contacto -","isPartOf":{"@id":"https:\/\/www.camping-les-sableres.com\/#website"},"datePublished":"2020-07-28T12:09:27+00:00","dateModified":"2024-10-04T15:20:34+00:00","breadcrumb":{"@id":"https:\/\/www.camping-les-sableres.com\/es\/contacto#breadcrumb"},"inLanguage":"es","potentialAction":[{"@type":"ReadAction","target":["https:\/\/www.camping-les-sableres.com\/es\/contacto"]}]},{"@type":"BreadcrumbList","@id":"https:\/\/www.camping-les-sableres.com\/es\/contacto#breadcrumb","itemListElement":[{"@type":"ListItem","position":1,"name":"Accueil","item":"https:\/\/www.camping-les-sableres.com\/es"},{"@type":"ListItem","position":2,"name":"Contacto"}]},{"@type":"WebSite","@id":"https:\/\/www.camping-les-sableres.com\/#website","url":"https:\/\/www.camping-les-sableres.com\/","name":"","description":"","potentialAction":[{"@type":"SearchAction","target":{"@type":"EntryPoint","urlTemplate":"https:\/\/www.camping-les-sableres.com\/?s={search_term_string}"},"query-input":{"@type":"PropertyValueSpecification","valueRequired":true,"valueName":"search_term_string"}}],"inLanguage":"es"}]}},"_links":{"self":[{"href":"https:\/\/www.camping-les-sableres.com\/es\/wp-json\/wp\/v2\/pages\/1012","targetHints":{"allow":["GET"]}}],"collection":[{"href":"https:\/\/www.camping-les-sableres.com\/es\/wp-json\/wp\/v2\/pages"}],"about":[{"href":"https:\/\/www.camping-les-sableres.com\/es\/wp-json\/wp\/v2\/types\/page"}],"author":[{"embeddable":true,"href":"https:\/\/www.camping-les-sableres.com\/es\/wp-json\/wp\/v2\/users\/1"}],"replies":[{"embeddable":true,"href":"https:\/\/www.camping-les-sableres.com\/es\/wp-json\/wp\/v2\/comments?post=1012"}],"version-history":[{"count":9,"href":"https:\/\/www.camping-les-sableres.com\/es\/wp-json\/wp\/v2\/pages\/1012\/revisions"}],"predecessor-version":[{"id":2786,"href":"https:\/\/www.camping-les-sableres.com\/es\/wp-json\/wp\/v2\/pages\/1012\/revisions\/2786"}],"wp:attachment":[{"href":"https:\/\/www.camping-les-sableres.com\/es\/wp-json\/wp\/v2\/media?parent=1012"}],"curies":[{"name":"wp","href":"https:\/\/api.w.org\/{rel}","templated":true}]}}