{"id":1509,"date":"2020-09-15T10:39:44","date_gmt":"2020-09-15T10:39:44","guid":{"rendered":"http:\/\/s836057108.onlinehome.fr\/kampingplatz-karte"},"modified":"2025-12-31T16:13:44","modified_gmt":"2025-12-31T16:13:44","slug":"https-www-camping-les-sableres-com-wp-content-uploads-2025-12-plan-site-internet-et-brochure-20260101-svg","status":"publish","type":"page","link":"https:\/\/www.camping-les-sableres.com\/de\/https-www-camping-les-sableres-com-wp-content-uploads-2025-12-plan-site-internet-et-brochure-20260101-svg","title":{"rendered":"Kampingplatz Karte"},"content":{"rendered":"<div class=\"wpb-content-wrapper\"><p>[vc_row full_width=&#8220;stretch_row_content_no_spaces&#8220; equal_height=&#8220;yes&#8220; css=&#8220;.vc_custom_1595513546247{margin-top: -50px !important;padding-top: 50px !important;padding-bottom: 50px !important;background-image: url(http:\/\/s836057108.onlinehome.fr\/wp-content\/uploads\/2020\/07\/vague-bleu.png?id=532) !important;background-position: center !important;background-repeat: no-repeat !important;background-size: cover !important;}&#8220;][vc_column icons_position=&#8220;left&#8220;]<div id=\"sc_title_401776875\"\n\t\tclass=\"sc_title color_style_default sc_title_default\"><h6 class=\"sc_item_subtitle sc_title_subtitle sc_align_center sc_item_title_style_default\">Der Plan ist indikativ und kann ohne vorherige Ank\u00fcndigung ge\u00e4ndert werden. Es hat keine andere Verwendung, als Ihnen zu erm\u00f6glichen, Ihren Platz auf dem Campingplatz zu finden.<\/h6><\/div><!-- \/.sc_title -->[\/vc_column][\/vc_row][vc_row full_width=&#8220;stretch_row_content&#8220;][vc_column icons_position=&#8220;left&#8220;][vc_single_image image=&#8220;2871&#8243; img_size=&#8220;large&#8220; alignment=&#8220;center&#8220; style=&#8220;vc_box_border&#8220; onclick=&#8220;zoom&#8220; css=&#8220;&#8220;][\/vc_column][\/vc_row]<\/p>\n<\/div>","protected":false},"excerpt":{"rendered":"<p>[vc_row full_width=&#8220;stretch_row_content_no_spaces&#8220; equal_height=&#8220;yes&#8220; css=&#8220;.vc_custom_1595513546247{margin-top: -50px !important;padding-top: 50px !important;padding-bottom: 50px !important;background-image: url(http:\/\/s836057108.onlinehome.fr\/wp-content\/uploads\/2020\/07\/vague-bleu.png?id=532) !important;background-position: center !important;background-repeat: no-repeat !important;background-size: cover !important;}&#8220;][vc_column icons_position=&#8220;left&#8220;][\/vc_column][\/vc_row][vc_row full_width=&#8220;stretch_row_content&#8220;][vc_column icons_position=&#8220;left&#8220;][vc_single_image image=&#8220;2871&#8243; img_size=&#8220;large&#8220; alignment=&#8220;center&#8220; style=&#8220;vc_box_border&#8220; onclick=&#8220;zoom&#8220; css=&#8220;&#8220;][\/vc_column][\/vc_row]<\/p>\n","protected":false},"author":1,"featured_media":0,"parent":0,"menu_order":0,"comment_status":"closed","ping_status":"closed","template":"","meta":{"inline_featured_image":false,"footnotes":""},"class_list":["post-1509","page","type-page","status-publish","hentry"],"yoast_head":"<!-- This site is optimized with the Yoast SEO plugin v26.8 - https:\/\/yoast.com\/product\/yoast-seo-wordpress\/ -->\n<title>Kampingplatz Karte -<\/title>\n<meta name=\"robots\" content=\"index, follow, max-snippet:-1, max-image-preview:large, max-video-preview:-1\" \/>\n<link rel=\"canonical\" href=\"https:\/\/www.camping-les-sableres.com\/de\/https-www-camping-les-sableres-com-wp-content-uploads-2025-12-plan-site-internet-et-brochure-20260101-svg\" \/>\n<meta property=\"og:locale\" content=\"de_DE\" \/>\n<meta property=\"og:type\" content=\"article\" \/>\n<meta property=\"og:title\" content=\"Kampingplatz Karte -\" \/>\n<meta property=\"og:description\" content=\"[vc_row full_width=&#8220;stretch_row_content_no_spaces&#8220; equal_height=&#8220;yes&#8220; css=&#8220;.vc_custom_1595513546247{margin-top: -50px !important;padding-top: 50px !important;padding-bottom: 50px !important;background-image: url(http:\/\/s836057108.onlinehome.fr\/wp-content\/uploads\/2020\/07\/vague-bleu.png?id=532) !important;background-position: center !important;background-repeat: no-repeat !important;background-size: cover !important;}&#8220;][vc_column icons_position=&#8220;left&#8220;][\/vc_column][\/vc_row][vc_row full_width=&#8220;stretch_row_content&#8220;][vc_column icons_position=&#8220;left&#8220;][vc_single_image image=&#8220;2871&#8243; img_size=&#8220;large&#8220; alignment=&#8220;center&#8220; style=&#8220;vc_box_border&#8220; onclick=&#8220;zoom&#8220; css=&#8220;&#8220;][\/vc_column][\/vc_row]\" \/>\n<meta property=\"og:url\" content=\"https:\/\/www.camping-les-sableres.com\/de\/https-www-camping-les-sableres-com-wp-content-uploads-2025-12-plan-site-internet-et-brochure-20260101-svg\" \/>\n<meta property=\"article:modified_time\" content=\"2025-12-31T16:13:44+00:00\" \/>\n<meta name=\"twitter:card\" content=\"summary_large_image\" \/>\n<meta name=\"twitter:label1\" content=\"Gesch\u00e4tzte Lesezeit\" \/>\n\t<meta name=\"twitter:data1\" content=\"1\u00a0Minute\" \/>\n<script type=\"application\/ld+json\" class=\"yoast-schema-graph\">{\"@context\":\"https:\/\/schema.org\",\"@graph\":[{\"@type\":\"WebPage\",\"@id\":\"https:\/\/www.camping-les-sableres.com\/de\/https-www-camping-les-sableres-com-wp-content-uploads-2025-12-plan-site-internet-et-brochure-20260101-svg\",\"url\":\"https:\/\/www.camping-les-sableres.com\/de\/https-www-camping-les-sableres-com-wp-content-uploads-2025-12-plan-site-internet-et-brochure-20260101-svg\",\"name\":\"Kampingplatz Karte -\",\"isPartOf\":{\"@id\":\"https:\/\/www.camping-les-sableres.com\/#website\"},\"datePublished\":\"2020-09-15T10:39:44+00:00\",\"dateModified\":\"2025-12-31T16:13:44+00:00\",\"breadcrumb\":{\"@id\":\"https:\/\/www.camping-les-sableres.com\/de\/https-www-camping-les-sableres-com-wp-content-uploads-2025-12-plan-site-internet-et-brochure-20260101-svg#breadcrumb\"},\"inLanguage\":\"de\",\"potentialAction\":[{\"@type\":\"ReadAction\",\"target\":[\"https:\/\/www.camping-les-sableres.com\/de\/https-www-camping-les-sableres-com-wp-content-uploads-2025-12-plan-site-internet-et-brochure-20260101-svg\"]}]},{\"@type\":\"BreadcrumbList\",\"@id\":\"https:\/\/www.camping-les-sableres.com\/de\/https-www-camping-les-sableres-com-wp-content-uploads-2025-12-plan-site-internet-et-brochure-20260101-svg#breadcrumb\",\"itemListElement\":[{\"@type\":\"ListItem\",\"position\":1,\"name\":\"Accueil\",\"item\":\"https:\/\/www.camping-les-sableres.com\/de\"},{\"@type\":\"ListItem\",\"position\":2,\"name\":\"Kampingplatz Karte\"}]},{\"@type\":\"WebSite\",\"@id\":\"https:\/\/www.camping-les-sableres.com\/#website\",\"url\":\"https:\/\/www.camping-les-sableres.com\/\",\"name\":\"\",\"description\":\"\",\"potentialAction\":[{\"@type\":\"SearchAction\",\"target\":{\"@type\":\"EntryPoint\",\"urlTemplate\":\"https:\/\/www.camping-les-sableres.com\/?s={search_term_string}\"},\"query-input\":{\"@type\":\"PropertyValueSpecification\",\"valueRequired\":true,\"valueName\":\"search_term_string\"}}],\"inLanguage\":\"de\"}]}<\/script>\n<!-- \/ Yoast SEO plugin. -->","yoast_head_json":{"title":"Kampingplatz Karte -","robots":{"index":"index","follow":"follow","max-snippet":"max-snippet:-1","max-image-preview":"max-image-preview:large","max-video-preview":"max-video-preview:-1"},"canonical":"https:\/\/www.camping-les-sableres.com\/de\/https-www-camping-les-sableres-com-wp-content-uploads-2025-12-plan-site-internet-et-brochure-20260101-svg","og_locale":"de_DE","og_type":"article","og_title":"Kampingplatz Karte -","og_description":"[vc_row full_width=&#8220;stretch_row_content_no_spaces&#8220; equal_height=&#8220;yes&#8220; css=&#8220;.vc_custom_1595513546247{margin-top: -50px !important;padding-top: 50px !important;padding-bottom: 50px !important;background-image: url(http:\/\/s836057108.onlinehome.fr\/wp-content\/uploads\/2020\/07\/vague-bleu.png?id=532) !important;background-position: center !important;background-repeat: no-repeat !important;background-size: cover !important;}&#8220;][vc_column icons_position=&#8220;left&#8220;][\/vc_column][\/vc_row][vc_row full_width=&#8220;stretch_row_content&#8220;][vc_column icons_position=&#8220;left&#8220;][vc_single_image image=&#8220;2871&#8243; img_size=&#8220;large&#8220; alignment=&#8220;center&#8220; style=&#8220;vc_box_border&#8220; onclick=&#8220;zoom&#8220; css=&#8220;&#8220;][\/vc_column][\/vc_row]","og_url":"https:\/\/www.camping-les-sableres.com\/de\/https-www-camping-les-sableres-com-wp-content-uploads-2025-12-plan-site-internet-et-brochure-20260101-svg","article_modified_time":"2025-12-31T16:13:44+00:00","twitter_card":"summary_large_image","twitter_misc":{"Gesch\u00e4tzte Lesezeit":"1\u00a0Minute"},"schema":{"@context":"https:\/\/schema.org","@graph":[{"@type":"WebPage","@id":"https:\/\/www.camping-les-sableres.com\/de\/https-www-camping-les-sableres-com-wp-content-uploads-2025-12-plan-site-internet-et-brochure-20260101-svg","url":"https:\/\/www.camping-les-sableres.com\/de\/https-www-camping-les-sableres-com-wp-content-uploads-2025-12-plan-site-internet-et-brochure-20260101-svg","name":"Kampingplatz Karte -","isPartOf":{"@id":"https:\/\/www.camping-les-sableres.com\/#website"},"datePublished":"2020-09-15T10:39:44+00:00","dateModified":"2025-12-31T16:13:44+00:00","breadcrumb":{"@id":"https:\/\/www.camping-les-sableres.com\/de\/https-www-camping-les-sableres-com-wp-content-uploads-2025-12-plan-site-internet-et-brochure-20260101-svg#breadcrumb"},"inLanguage":"de","potentialAction":[{"@type":"ReadAction","target":["https:\/\/www.camping-les-sableres.com\/de\/https-www-camping-les-sableres-com-wp-content-uploads-2025-12-plan-site-internet-et-brochure-20260101-svg"]}]},{"@type":"BreadcrumbList","@id":"https:\/\/www.camping-les-sableres.com\/de\/https-www-camping-les-sableres-com-wp-content-uploads-2025-12-plan-site-internet-et-brochure-20260101-svg#breadcrumb","itemListElement":[{"@type":"ListItem","position":1,"name":"Accueil","item":"https:\/\/www.camping-les-sableres.com\/de"},{"@type":"ListItem","position":2,"name":"Kampingplatz Karte"}]},{"@type":"WebSite","@id":"https:\/\/www.camping-les-sableres.com\/#website","url":"https:\/\/www.camping-les-sableres.com\/","name":"","description":"","potentialAction":[{"@type":"SearchAction","target":{"@type":"EntryPoint","urlTemplate":"https:\/\/www.camping-les-sableres.com\/?s={search_term_string}"},"query-input":{"@type":"PropertyValueSpecification","valueRequired":true,"valueName":"search_term_string"}}],"inLanguage":"de"}]}},"_links":{"self":[{"href":"https:\/\/www.camping-les-sableres.com\/de\/wp-json\/wp\/v2\/pages\/1509","targetHints":{"allow":["GET"]}}],"collection":[{"href":"https:\/\/www.camping-les-sableres.com\/de\/wp-json\/wp\/v2\/pages"}],"about":[{"href":"https:\/\/www.camping-les-sableres.com\/de\/wp-json\/wp\/v2\/types\/page"}],"author":[{"embeddable":true,"href":"https:\/\/www.camping-les-sableres.com\/de\/wp-json\/wp\/v2\/users\/1"}],"replies":[{"embeddable":true,"href":"https:\/\/www.camping-les-sableres.com\/de\/wp-json\/wp\/v2\/comments?post=1509"}],"version-history":[{"count":15,"href":"https:\/\/www.camping-les-sableres.com\/de\/wp-json\/wp\/v2\/pages\/1509\/revisions"}],"predecessor-version":[{"id":2878,"href":"https:\/\/www.camping-les-sableres.com\/de\/wp-json\/wp\/v2\/pages\/1509\/revisions\/2878"}],"wp:attachment":[{"href":"https:\/\/www.camping-les-sableres.com\/de\/wp-json\/wp\/v2\/media?parent=1509"}],"curies":[{"name":"wp","href":"https:\/\/api.w.org\/{rel}","templated":true}]}}