{"id":1475,"date":"2020-09-15T10:05:32","date_gmt":"2020-09-15T10:05:32","guid":{"rendered":"http:\/\/s836057108.onlinehome.fr\/die-stellplaetze"},"modified":"2025-09-29T15:02:38","modified_gmt":"2025-09-29T15:02:38","slug":"stellplatze","status":"publish","type":"page","link":"https:\/\/www.camping-les-sableres.com\/de\/stellplatze","title":{"rendered":"Die stellpl\u00e4tze"},"content":{"rendered":"<div class=\"wpb-content-wrapper\"><p>[vc_row full_width=&#8220;stretch_row_content_no_spaces&#8220; css=&#8220;.vc_custom_1595854815086{margin-top: -100px !important;padding-top: 50px !important;padding-bottom: 50px !important;background-image: url(http:\/\/s836057108.onlinehome.fr\/wp-content\/uploads\/2020\/07\/vague-bleu.png?id=532) !important;background-position: center !important;background-repeat: no-repeat !important;background-size: cover !important;}&#8220;][vc_column icons_position=&#8220;left&#8220;]<div id=\"sc_title_1975982351\"\n\t\tclass=\"sc_title color_style_default sc_title_default\"><h2 class=\"sc_item_title sc_title_title sc_align_center sc_item_title_style_default\">Der Campingplatz von Vieux-Boucau (Landes) schl\u00e4gt Ihnen Pl\u00e4tze f\u00fcr Zelte, Wohnwagen und Wohnmobils vor.<\/h2><h6 class=\"sc_item_subtitle sc_title_subtitle sc_align_center sc_item_title_style_default\">Le Camping Municipal Les Sabl\u00e8res vous propose des emplacements nus pour tente, caravane et camping-car.<\/h6><\/div><!-- \/.sc_title -->[\/vc_column][\/vc_row][vc_row full_width=&#8220;stretch_row_content_no_spaces&#8220; equal_height=&#8220;yes&#8220; css=&#8220;.vc_custom_1595924396643{margin-top: 100px !important;}&#8220;][vc_column icons_position=&#8220;left&#8220;][vc_single_image image=&#8220;957&#8243; img_size=&#8220;full&#8220; alignment=&#8220;center&#8220;][\/vc_column][\/vc_row][vc_row full_width=&#8220;stretch_row_content_no_spaces&#8220;][vc_column icons_position=&#8220;left&#8220;][vc_empty_space height=&#8220;50px&#8220; alter_height=&#8220;small&#8220; hide_on_desktop=&#8220;&#8220; hide_on_notebook=&#8220;&#8220; hide_on_tablet=&#8220;&#8220; hide_on_mobile=&#8220;&#8220;][vc_column_text]<\/p>\n<h2 style=\"font-size: 1.8em; text-align: center;\">Stellpl\u00e4tze mit Stromanschlu\u00df f\u00fcr Zelte, Wohnmobils und Wohnwagen : Jeder ist willkommen!<\/h2>\n<ul style=\"text-align: center; color: black; line-height: 2; list-style: none; font-size: 1em;\">\n<li style=\"text-align: center;\">Standart Stellpl\u00e4tze ( 80-100 qm ) mit Schatten oder in der Sonne, mit oder ohne Strom.<\/li>\n<li style=\"text-align: center;\">Europ\u00e4ische Steckdosen f\u00fcr die Stromversorgung (10A) sind n\u00f6tig.<\/li>\n<li style=\"text-align: center;\">Ein Parkplatz inklusive (ein freier PKW pro Stellplatz).<\/li>\n<li style=\"text-align: center;\">Eigene Elektro und Gasgrills sind erlaubt.<\/li>\n<li style=\"text-align: center;\">Nur Stellplatz, mit oder ohne Strom.<\/li>\n<\/ul>\n<p>[\/vc_column_text][vc_btn title=&#8220;Reservierung&#8220; shape=&#8220;round&#8220; color=&#8220;vista-blue&#8220; size=&#8220;sm&#8220; align=&#8220;center&#8220; css=&#8220;.vc_custom_1601561150295{margin-top: 50px !important;background-color: #ffffff !important;}&#8220; link=&#8220;url:https%3A%2F%2Fthelisresa.webcamp.fr%2F%3Fcamping%3Dvboucau%26lang%3Dfr%26PHPSESSID%3D15kfdhnco490e8qem8glhn8j6e|&#8220;][\/vc_column][\/vc_row][vc_row full_width=&#8220;stretch_row_content_no_spaces&#8220; css=&#8220;.vc_custom_1596020988591{margin-top: 50px !important;padding-top: 50px !important;padding-bottom: 50px !important;background-color: #029bde !important;background-size: cover !important;}&#8220;][vc_column width=&#8220;1\/4&#8243; icons_position=&#8220;left&#8220;][vc_single_image image=&#8220;945&#8243; img_size=&#8220;medium&#8220; alignment=&#8220;center&#8220;][vc_column_text css=&#8220;.vc_custom_1595925086135{margin-top: 30px !important;margin-bottom: 30px !important;}&#8220;]<\/p>\n<p style=\"text-align: center; color: white; font-size: 15px; font-family: 'Permanent Marker', cursive; line-height: 1.5;\">Bei platz :<br \/>\nKostenloser Aufenthalt f\u00fcr Kinder unter 7.[\/vc_column_text][\/vc_column][vc_column width=&#8220;1\/4&#8243; icons_position=&#8220;left&#8220;][vc_single_image image=&#8220;948&#8243; img_size=&#8220;medium&#8220; alignment=&#8220;center&#8220;][vc_column_text css=&#8220;.vc_custom_1595925094269{margin-top: 30px !important;margin-bottom: 30px !important;}&#8220;]<\/p>\n<p style=\"text-align: center; color: white; font-size: 15px; font-family: 'Permanent Marker', cursive; line-height: 1.5;\">Maximal 4 Erwachsene pro Platz.<br \/>\nDer Campingplatz ist haustierfreundlich.[\/vc_column_text][\/vc_column][vc_column width=&#8220;1\/4&#8243; icons_position=&#8220;left&#8220;][vc_single_image image=&#8220;951&#8243; img_size=&#8220;medium&#8220; alignment=&#8220;center&#8220;][vc_column_text css=&#8220;.vc_custom_1595925103477{margin-top: 30px !important;margin-bottom: 30px !important;}&#8220;]<\/p>\n<p style=\"text-align: center; color: white; font-size: 15px; font-family: 'Permanent Marker', cursive; line-height: 1.5;\">Hunde m\u00fcssen an der Leine gehalten und an der Rezeption angemeldet werden sowie t\u00e4towiert sein.<br \/>\nF\u00fcr ihre Sicherheit und Komfort<br \/>\ngibt es auf dem Campingplatz zwei Nachtw\u00e4cher in der Zeit[\/vc_column_text][\/vc_column][vc_column width=&#8220;1\/4&#8243; icons_position=&#8220;left&#8220;][vc_single_image image=&#8220;954&#8243; img_size=&#8220;medium&#8220; alignment=&#8220;center&#8220;][vc_column_text css=&#8220;.vc_custom_1595925148986{margin-top: 30px !important;}&#8220;]<\/p>\n<p style=\"text-align: center; color: white; font-size: 15px; font-family: 'Permanent Marker', cursive; line-height: 1.5;\">vom 1. Juli bis 31. August.<br \/>\nStellpl\u00e4tze f\u00fcr alle ![\/vc_column_text][\/vc_column][\/vc_row][vc_row full_width=&#8220;stretch_row_content_no_spaces&#8220; css=&#8220;.vc_custom_1595878155829{margin-top: 100px !important;}&#8220;][vc_column icons_position=&#8220;left&#8220;][vc_column_text]<\/p>\n<p style=\"font-size: 1.5em; color: black; text-align: center;\">.<\/p>\n<p>[\/vc_column_text][\/vc_column][\/vc_row]<\/p>\n<\/div>","protected":false},"excerpt":{"rendered":"<p>[vc_row full_width=&#8220;stretch_row_content_no_spaces&#8220; css=&#8220;.vc_custom_1595854815086{margin-top: -100px !important;padding-top: 50px !important;padding-bottom: 50px !important;background-image: url(http:\/\/s836057108.onlinehome.fr\/wp-content\/uploads\/2020\/07\/vague-bleu.png?id=532) !important;background-position: center !important;background-repeat: no-repeat !important;background-size: cover !important;}&#8220;][vc_column icons_position=&#8220;left&#8220;][\/vc_column][\/vc_row][vc_row full_width=&#8220;stretch_row_content_no_spaces&#8220; equal_height=&#8220;yes&#8220; css=&#8220;.vc_custom_1595924396643{margin-top: 100px !important;}&#8220;][vc_column icons_position=&#8220;left&#8220;][vc_single_image image=&#8220;957&#8243; img_size=&#8220;full&#8220; alignment=&#8220;center&#8220;][\/vc_column][\/vc_row][vc_row full_width=&#8220;stretch_row_content_no_spaces&#8220;][vc_column icons_position=&#8220;left&#8220;][vc_empty_space height=&#8220;50px&#8220; alter_height=&#8220;small&#8220; hide_on_desktop=&#8220;&#8220; hide_on_notebook=&#8220;&#8220; hide_on_tablet=&#8220;&#8220; hide_on_mobile=&#8220;&#8220;][vc_column_text] Stellpl\u00e4tze mit Stromanschlu\u00df f\u00fcr Zelte, Wohnmobils und Wohnwagen : Jeder ist willkommen! Standart Stellpl\u00e4tze ( 80-100 qm ) mit Schatten oder in der Sonne, mit&hellip;<\/p>\n","protected":false},"author":2,"featured_media":0,"parent":0,"menu_order":0,"comment_status":"closed","ping_status":"closed","template":"","meta":{"inline_featured_image":false,"footnotes":""},"class_list":["post-1475","page","type-page","status-publish","hentry"],"yoast_head":"<!-- This site is optimized with the Yoast SEO plugin v26.8 - https:\/\/yoast.com\/product\/yoast-seo-wordpress\/ -->\n<title>Die stellpl\u00e4tze -<\/title>\n<meta name=\"robots\" content=\"index, follow, max-snippet:-1, max-image-preview:large, max-video-preview:-1\" \/>\n<link rel=\"canonical\" href=\"https:\/\/www.camping-les-sableres.com\/de\/stellplatze\" \/>\n<meta property=\"og:locale\" content=\"de_DE\" \/>\n<meta property=\"og:type\" content=\"article\" \/>\n<meta property=\"og:title\" content=\"Die stellpl\u00e4tze -\" \/>\n<meta property=\"og:description\" content=\"[vc_row full_width=&#8220;stretch_row_content_no_spaces&#8220; css=&#8220;.vc_custom_1595854815086{margin-top: -100px !important;padding-top: 50px !important;padding-bottom: 50px !important;background-image: url(http:\/\/s836057108.onlinehome.fr\/wp-content\/uploads\/2020\/07\/vague-bleu.png?id=532) !important;background-position: center !important;background-repeat: no-repeat !important;background-size: cover !important;}&#8220;][vc_column icons_position=&#8220;left&#8220;][\/vc_column][\/vc_row][vc_row full_width=&#8220;stretch_row_content_no_spaces&#8220; equal_height=&#8220;yes&#8220; css=&#8220;.vc_custom_1595924396643{margin-top: 100px !important;}&#8220;][vc_column icons_position=&#8220;left&#8220;][vc_single_image image=&#8220;957&#8243; img_size=&#8220;full&#8220; alignment=&#8220;center&#8220;][\/vc_column][\/vc_row][vc_row full_width=&#8220;stretch_row_content_no_spaces&#8220;][vc_column icons_position=&#8220;left&#8220;][vc_empty_space height=&#8220;50px&#8220; alter_height=&#8220;small&#8220; hide_on_desktop=&#8220;&#8220; hide_on_notebook=&#8220;&#8220; hide_on_tablet=&#8220;&#8220; hide_on_mobile=&#8220;&#8220;][vc_column_text] Stellpl\u00e4tze mit Stromanschlu\u00df f\u00fcr Zelte, Wohnmobils und Wohnwagen : Jeder ist willkommen! Standart Stellpl\u00e4tze ( 80-100 qm ) mit Schatten oder in der Sonne, mit&hellip;\" \/>\n<meta property=\"og:url\" content=\"https:\/\/www.camping-les-sableres.com\/de\/stellplatze\" \/>\n<meta property=\"article:modified_time\" content=\"2025-09-29T15:02:38+00:00\" \/>\n<meta name=\"twitter:card\" content=\"summary_large_image\" \/>\n<meta name=\"twitter:label1\" content=\"Gesch\u00e4tzte Lesezeit\" \/>\n\t<meta name=\"twitter:data1\" content=\"3\u00a0Minuten\" \/>\n<script type=\"application\/ld+json\" class=\"yoast-schema-graph\">{\"@context\":\"https:\/\/schema.org\",\"@graph\":[{\"@type\":\"WebPage\",\"@id\":\"https:\/\/www.camping-les-sableres.com\/de\/stellplatze\",\"url\":\"https:\/\/www.camping-les-sableres.com\/de\/stellplatze\",\"name\":\"Die stellpl\u00e4tze -\",\"isPartOf\":{\"@id\":\"https:\/\/www.camping-les-sableres.com\/#website\"},\"datePublished\":\"2020-09-15T10:05:32+00:00\",\"dateModified\":\"2025-09-29T15:02:38+00:00\",\"breadcrumb\":{\"@id\":\"https:\/\/www.camping-les-sableres.com\/de\/stellplatze#breadcrumb\"},\"inLanguage\":\"de\",\"potentialAction\":[{\"@type\":\"ReadAction\",\"target\":[\"https:\/\/www.camping-les-sableres.com\/de\/stellplatze\"]}]},{\"@type\":\"BreadcrumbList\",\"@id\":\"https:\/\/www.camping-les-sableres.com\/de\/stellplatze#breadcrumb\",\"itemListElement\":[{\"@type\":\"ListItem\",\"position\":1,\"name\":\"Accueil\",\"item\":\"https:\/\/www.camping-les-sableres.com\/de\"},{\"@type\":\"ListItem\",\"position\":2,\"name\":\"Die stellpl\u00e4tze\"}]},{\"@type\":\"WebSite\",\"@id\":\"https:\/\/www.camping-les-sableres.com\/#website\",\"url\":\"https:\/\/www.camping-les-sableres.com\/\",\"name\":\"\",\"description\":\"\",\"potentialAction\":[{\"@type\":\"SearchAction\",\"target\":{\"@type\":\"EntryPoint\",\"urlTemplate\":\"https:\/\/www.camping-les-sableres.com\/?s={search_term_string}\"},\"query-input\":{\"@type\":\"PropertyValueSpecification\",\"valueRequired\":true,\"valueName\":\"search_term_string\"}}],\"inLanguage\":\"de\"}]}<\/script>\n<!-- \/ Yoast SEO plugin. -->","yoast_head_json":{"title":"Die stellpl\u00e4tze -","robots":{"index":"index","follow":"follow","max-snippet":"max-snippet:-1","max-image-preview":"max-image-preview:large","max-video-preview":"max-video-preview:-1"},"canonical":"https:\/\/www.camping-les-sableres.com\/de\/stellplatze","og_locale":"de_DE","og_type":"article","og_title":"Die stellpl\u00e4tze -","og_description":"[vc_row full_width=&#8220;stretch_row_content_no_spaces&#8220; css=&#8220;.vc_custom_1595854815086{margin-top: -100px !important;padding-top: 50px !important;padding-bottom: 50px !important;background-image: url(http:\/\/s836057108.onlinehome.fr\/wp-content\/uploads\/2020\/07\/vague-bleu.png?id=532) !important;background-position: center !important;background-repeat: no-repeat !important;background-size: cover !important;}&#8220;][vc_column icons_position=&#8220;left&#8220;][\/vc_column][\/vc_row][vc_row full_width=&#8220;stretch_row_content_no_spaces&#8220; equal_height=&#8220;yes&#8220; css=&#8220;.vc_custom_1595924396643{margin-top: 100px !important;}&#8220;][vc_column icons_position=&#8220;left&#8220;][vc_single_image image=&#8220;957&#8243; img_size=&#8220;full&#8220; alignment=&#8220;center&#8220;][\/vc_column][\/vc_row][vc_row full_width=&#8220;stretch_row_content_no_spaces&#8220;][vc_column icons_position=&#8220;left&#8220;][vc_empty_space height=&#8220;50px&#8220; alter_height=&#8220;small&#8220; hide_on_desktop=&#8220;&#8220; hide_on_notebook=&#8220;&#8220; hide_on_tablet=&#8220;&#8220; hide_on_mobile=&#8220;&#8220;][vc_column_text] Stellpl\u00e4tze mit Stromanschlu\u00df f\u00fcr Zelte, Wohnmobils und Wohnwagen : Jeder ist willkommen! Standart Stellpl\u00e4tze ( 80-100 qm ) mit Schatten oder in der Sonne, mit&hellip;","og_url":"https:\/\/www.camping-les-sableres.com\/de\/stellplatze","article_modified_time":"2025-09-29T15:02:38+00:00","twitter_card":"summary_large_image","twitter_misc":{"Gesch\u00e4tzte Lesezeit":"3\u00a0Minuten"},"schema":{"@context":"https:\/\/schema.org","@graph":[{"@type":"WebPage","@id":"https:\/\/www.camping-les-sableres.com\/de\/stellplatze","url":"https:\/\/www.camping-les-sableres.com\/de\/stellplatze","name":"Die stellpl\u00e4tze -","isPartOf":{"@id":"https:\/\/www.camping-les-sableres.com\/#website"},"datePublished":"2020-09-15T10:05:32+00:00","dateModified":"2025-09-29T15:02:38+00:00","breadcrumb":{"@id":"https:\/\/www.camping-les-sableres.com\/de\/stellplatze#breadcrumb"},"inLanguage":"de","potentialAction":[{"@type":"ReadAction","target":["https:\/\/www.camping-les-sableres.com\/de\/stellplatze"]}]},{"@type":"BreadcrumbList","@id":"https:\/\/www.camping-les-sableres.com\/de\/stellplatze#breadcrumb","itemListElement":[{"@type":"ListItem","position":1,"name":"Accueil","item":"https:\/\/www.camping-les-sableres.com\/de"},{"@type":"ListItem","position":2,"name":"Die stellpl\u00e4tze"}]},{"@type":"WebSite","@id":"https:\/\/www.camping-les-sableres.com\/#website","url":"https:\/\/www.camping-les-sableres.com\/","name":"","description":"","potentialAction":[{"@type":"SearchAction","target":{"@type":"EntryPoint","urlTemplate":"https:\/\/www.camping-les-sableres.com\/?s={search_term_string}"},"query-input":{"@type":"PropertyValueSpecification","valueRequired":true,"valueName":"search_term_string"}}],"inLanguage":"de"}]}},"_links":{"self":[{"href":"https:\/\/www.camping-les-sableres.com\/de\/wp-json\/wp\/v2\/pages\/1475","targetHints":{"allow":["GET"]}}],"collection":[{"href":"https:\/\/www.camping-les-sableres.com\/de\/wp-json\/wp\/v2\/pages"}],"about":[{"href":"https:\/\/www.camping-les-sableres.com\/de\/wp-json\/wp\/v2\/types\/page"}],"author":[{"embeddable":true,"href":"https:\/\/www.camping-les-sableres.com\/de\/wp-json\/wp\/v2\/users\/2"}],"replies":[{"embeddable":true,"href":"https:\/\/www.camping-les-sableres.com\/de\/wp-json\/wp\/v2\/comments?post=1475"}],"version-history":[{"count":24,"href":"https:\/\/www.camping-les-sableres.com\/de\/wp-json\/wp\/v2\/pages\/1475\/revisions"}],"predecessor-version":[{"id":2838,"href":"https:\/\/www.camping-les-sableres.com\/de\/wp-json\/wp\/v2\/pages\/1475\/revisions\/2838"}],"wp:attachment":[{"href":"https:\/\/www.camping-les-sableres.com\/de\/wp-json\/wp\/v2\/media?parent=1475"}],"curies":[{"name":"wp","href":"https:\/\/api.w.org\/{rel}","templated":true}]}}