{"id":1460,"date":"2020-09-15T09:57:09","date_gmt":"2020-09-15T09:57:09","guid":{"rendered":"http:\/\/s836057108.onlinehome.fr\/sonderangebote"},"modified":"2025-12-31T15:45:46","modified_gmt":"2025-12-31T15:45:46","slug":"gunstigere-ferien","status":"publish","type":"page","link":"https:\/\/www.camping-les-sableres.com\/de\/gunstigere-ferien","title":{"rendered":"Sonderangebote"},"content":{"rendered":"<div class=\"wpb-content-wrapper\"><p>[vc_row full_width=&#8220;stretch_row_content_no_spaces&#8220; css=&#8220;.vc_custom_1595505043384{margin-top: -50px !important;padding-top: 50px !important;padding-bottom: 50px !important;background-image: url(http:\/\/s836057108.onlinehome.fr\/wp-content\/uploads\/2020\/07\/vague-bleu.png?id=532) !important;background-position: center !important;background-repeat: no-repeat !important;background-size: cover !important;}&#8220;][vc_column icons_position=&#8220;left&#8220;]<div id=\"sc_title_1277868441\"\n\t\tclass=\"sc_title color_style_default sc_title_default\"><h2 class=\"sc_item_title sc_title_title sc_align_center sc_item_title_style_default\">Ihre g\u00fcnstigere Ferien !<\/h2><h6 class=\"sc_item_subtitle sc_title_subtitle sc_align_center sc_item_title_style_default\">Auf Camping Municipal Les Sabl\u00e8res k\u00f6nnen Sie einen g\u00fcnstigen Urlaub genie\u00dfen\u2026<\/h6><\/div><!-- \/.sc_title -->[\/vc_column][\/vc_row][vc_row full_width=&#8220;stretch_row_content_no_spaces&#8220; equal_height=&#8220;yes&#8220; css=&#8220;.vc_custom_1595494873984{margin-top: 100px !important;}&#8220;][vc_column width=&#8220;1\/2&#8243; icons_position=&#8220;left&#8220; css=&#8220;.vc_custom_1595493851202{background-size: cover !important;}&#8220;][vc_hoverbox image=&#8220;912&#8243; primary_title=&#8220;Camping : Sonderangebote&#8220; primary_title_font_container=&#8220;font_size:70%20px|color:%23ffffff&#8220; primary_title_google_fonts=&#8220;font_family:Bubblegum%20Sans%3Aregular|font_style:400%20regular%3A400%3Anormal&#8220; hover_title=&#8220;&#8220; shape=&#8220;square&#8220; hover_background_color=&#8220;custom&#8220; el_width=&#8220;80&#8243; hover_btn_title=&#8220;Reservierung&#8220; hover_btn_style=&#8220;classic&#8220; hover_btn_shape=&#8220;square&#8220; hover_btn_color=&#8220;sky&#8220; hover_btn_size=&#8220;sm&#8220; hover_btn_align=&#8220;center&#8220; use_custom_fonts_primary_title=&#8220;true&#8220; hover_add_button=&#8220;true&#8220; hover_custom_background=&#8220;#fcd001&#8243; hover_btn_link=&#8220;url:https%3A%2F%2Fwww.camping-les-sableres.com%2Fde%2Fgunstigere-ferien|title:Mietungkerk%C3%BCnfte||&#8220;]<\/p>\n<p style=\"text-align: center; color: black; font-size: 3em;\">Vom 28. M\u00e4rz bis 4. July<\/p>\n<p style=\"text-align: center; color: black; font-size: 3em;\">Und vom 29. August bis 1. November<\/p>\n<p style=\"text-align: center; color: black; font-size: 2em;\">7 N\u00e4chte : -10%<\/p>\n<p style=\"text-align: center; color: black; font-size: 2em;\">14 N\u00e4chte : -20%<\/p>\n<p style=\"text-align: center; color: black; font-size: 2em;\">21 N\u00e4chte : -30%<\/p>\n<p style=\"text-align: center; color: black;\">Aufeinanderfolgende N\u00e4chte, Angebote (au\u00dfer Kurtaxe ) k\u00f6nnen nicht kombiniert sein.<\/p>\n<p>[\/vc_hoverbox][\/vc_column][vc_column width=&#8220;1\/2&#8243; icons_position=&#8220;left&#8220;][vc_hoverbox image=&#8220;849&#8243; primary_title=&#8220;Vermietung : Sonderangebote&#8220; primary_title_font_container=&#8220;font_size:70%20px|color:%23f7f7f7&#8243; primary_title_google_fonts=&#8220;font_family:Bubblegum%20Sans%3Aregular|font_style:400%20regular%3A400%3Anormal&#8220; hover_title=&#8220;&#8220; shape=&#8220;square&#8220; hover_background_color=&#8220;custom&#8220; el_width=&#8220;80&#8243; use_custom_fonts_primary_title=&#8220;true&#8220; hover_custom_background=&#8220;#fcd001&#8243;]<\/p>\n<p style=\"text-align: center; color: black; font-size: 3em; padding-top: 40px;\">Vom 28. M\u00e4rz bis 20 Juni<\/p>\n<p style=\"text-align: center; color: black; font-size: 3em; padding-top: 40px;\">And vom 12. September bis 1. November<\/p>\n<p style=\"text-align: center; color: black; font-size: 2em;\">3 UrlaubsWochen : -30%<\/p>\n<p style=\"text-align: center; color: black; font-size: 2em;\">4 N\u00e4chte au\u00dfer Wochenende : -25%<\/p>\n<p style=\"text-align: center; color: black; padding-bottom: 40px;\">Aufeinanderfolgende N\u00e4chte, Angebote (au\u00dfer Kurtaxe ) k\u00f6nnen nicht kombiniert sein.<\/p>\n<p>[\/vc_hoverbox][\/vc_column][\/vc_row]<\/p>\n<\/div>","protected":false},"excerpt":{"rendered":"<p>[vc_row full_width=&#8220;stretch_row_content_no_spaces&#8220; css=&#8220;.vc_custom_1595505043384{margin-top: -50px !important;padding-top: 50px !important;padding-bottom: 50px !important;background-image: url(http:\/\/s836057108.onlinehome.fr\/wp-content\/uploads\/2020\/07\/vague-bleu.png?id=532) !important;background-position: center !important;background-repeat: no-repeat !important;background-size: cover !important;}&#8220;][vc_column icons_position=&#8220;left&#8220;][\/vc_column][\/vc_row][vc_row full_width=&#8220;stretch_row_content_no_spaces&#8220; equal_height=&#8220;yes&#8220; css=&#8220;.vc_custom_1595494873984{margin-top: 100px !important;}&#8220;][vc_column width=&#8220;1\/2&#8243; icons_position=&#8220;left&#8220; css=&#8220;.vc_custom_1595493851202{background-size: cover !important;}&#8220;][vc_hoverbox image=&#8220;912&#8243; primary_title=&#8220;Camping : Sonderangebote&#8220; primary_title_font_container=&#8220;font_size:70%20px|color:%23ffffff&#8220; primary_title_google_fonts=&#8220;font_family:Bubblegum%20Sans%3Aregular|font_style:400%20regular%3A400%3Anormal&#8220; hover_title=&#8220;&#8220; shape=&#8220;square&#8220; hover_background_color=&#8220;custom&#8220; el_width=&#8220;80&#8243; hover_btn_title=&#8220;Reservierung&#8220; hover_btn_style=&#8220;classic&#8220; hover_btn_shape=&#8220;square&#8220; hover_btn_color=&#8220;sky&#8220; hover_btn_size=&#8220;sm&#8220; hover_btn_align=&#8220;center&#8220; use_custom_fonts_primary_title=&#8220;true&#8220; hover_add_button=&#8220;true&#8220; hover_custom_background=&#8220;#fcd001&#8243; hover_btn_link=&#8220;url:https%3A%2F%2Fwww.camping-les-sableres.com%2Fde%2Fgunstigere-ferien|title:Mietungkerk%C3%BCnfte||&#8220;] Vom 28. M\u00e4rz bis 4. July Und vom 29. August bis 1.&hellip;<\/p>\n","protected":false},"author":2,"featured_media":0,"parent":0,"menu_order":0,"comment_status":"closed","ping_status":"closed","template":"","meta":{"inline_featured_image":false,"footnotes":""},"class_list":["post-1460","page","type-page","status-publish","hentry"],"yoast_head":"<!-- This site is optimized with the Yoast SEO plugin v26.8 - https:\/\/yoast.com\/product\/yoast-seo-wordpress\/ -->\n<title>Sonderangebote -<\/title>\n<meta name=\"robots\" content=\"index, follow, max-snippet:-1, max-image-preview:large, max-video-preview:-1\" \/>\n<link rel=\"canonical\" href=\"https:\/\/www.camping-les-sableres.com\/de\/gunstigere-ferien\" \/>\n<meta property=\"og:locale\" content=\"de_DE\" \/>\n<meta property=\"og:type\" content=\"article\" \/>\n<meta property=\"og:title\" content=\"Sonderangebote -\" \/>\n<meta property=\"og:description\" content=\"[vc_row full_width=&#8220;stretch_row_content_no_spaces&#8220; css=&#8220;.vc_custom_1595505043384{margin-top: -50px !important;padding-top: 50px !important;padding-bottom: 50px !important;background-image: url(http:\/\/s836057108.onlinehome.fr\/wp-content\/uploads\/2020\/07\/vague-bleu.png?id=532) !important;background-position: center !important;background-repeat: no-repeat !important;background-size: cover !important;}&#8220;][vc_column icons_position=&#8220;left&#8220;][\/vc_column][\/vc_row][vc_row full_width=&#8220;stretch_row_content_no_spaces&#8220; equal_height=&#8220;yes&#8220; css=&#8220;.vc_custom_1595494873984{margin-top: 100px !important;}&#8220;][vc_column width=&#8220;1\/2&#8243; icons_position=&#8220;left&#8220; css=&#8220;.vc_custom_1595493851202{background-size: cover !important;}&#8220;][vc_hoverbox image=&#8220;912&#8243; primary_title=&#8220;Camping : Sonderangebote&#8220; primary_title_font_container=&#8220;font_size:70%20px|color:%23ffffff&#8220; primary_title_google_fonts=&#8220;font_family:Bubblegum%20Sans%3Aregular|font_style:400%20regular%3A400%3Anormal&#8220; hover_title=&#8220;&#8220; shape=&#8220;square&#8220; hover_background_color=&#8220;custom&#8220; el_width=&#8220;80&#8243; hover_btn_title=&#8220;Reservierung&#8220; hover_btn_style=&#8220;classic&#8220; hover_btn_shape=&#8220;square&#8220; hover_btn_color=&#8220;sky&#8220; hover_btn_size=&#8220;sm&#8220; hover_btn_align=&#8220;center&#8220; use_custom_fonts_primary_title=&#8220;true&#8220; hover_add_button=&#8220;true&#8220; hover_custom_background=&#8220;#fcd001&#8243; hover_btn_link=&#8220;url:https%3A%2F%2Fwww.camping-les-sableres.com%2Fde%2Fgunstigere-ferien|title:Mietungkerk%C3%BCnfte||&#8220;] Vom 28. M\u00e4rz bis 4. July Und vom 29. August bis 1.&hellip;\" \/>\n<meta property=\"og:url\" content=\"https:\/\/www.camping-les-sableres.com\/de\/gunstigere-ferien\" \/>\n<meta property=\"article:modified_time\" content=\"2025-12-31T15:45:46+00:00\" \/>\n<meta name=\"twitter:card\" content=\"summary_large_image\" \/>\n<meta name=\"twitter:label1\" content=\"Gesch\u00e4tzte Lesezeit\" \/>\n\t<meta name=\"twitter:data1\" content=\"1\u00a0Minute\" \/>\n<script type=\"application\/ld+json\" class=\"yoast-schema-graph\">{\"@context\":\"https:\/\/schema.org\",\"@graph\":[{\"@type\":\"WebPage\",\"@id\":\"https:\/\/www.camping-les-sableres.com\/de\/gunstigere-ferien\",\"url\":\"https:\/\/www.camping-les-sableres.com\/de\/gunstigere-ferien\",\"name\":\"Sonderangebote -\",\"isPartOf\":{\"@id\":\"https:\/\/www.camping-les-sableres.com\/#website\"},\"datePublished\":\"2020-09-15T09:57:09+00:00\",\"dateModified\":\"2025-12-31T15:45:46+00:00\",\"breadcrumb\":{\"@id\":\"https:\/\/www.camping-les-sableres.com\/de\/gunstigere-ferien#breadcrumb\"},\"inLanguage\":\"de\",\"potentialAction\":[{\"@type\":\"ReadAction\",\"target\":[\"https:\/\/www.camping-les-sableres.com\/de\/gunstigere-ferien\"]}]},{\"@type\":\"BreadcrumbList\",\"@id\":\"https:\/\/www.camping-les-sableres.com\/de\/gunstigere-ferien#breadcrumb\",\"itemListElement\":[{\"@type\":\"ListItem\",\"position\":1,\"name\":\"Accueil\",\"item\":\"https:\/\/www.camping-les-sableres.com\/de\"},{\"@type\":\"ListItem\",\"position\":2,\"name\":\"Sonderangebote\"}]},{\"@type\":\"WebSite\",\"@id\":\"https:\/\/www.camping-les-sableres.com\/#website\",\"url\":\"https:\/\/www.camping-les-sableres.com\/\",\"name\":\"\",\"description\":\"\",\"potentialAction\":[{\"@type\":\"SearchAction\",\"target\":{\"@type\":\"EntryPoint\",\"urlTemplate\":\"https:\/\/www.camping-les-sableres.com\/?s={search_term_string}\"},\"query-input\":{\"@type\":\"PropertyValueSpecification\",\"valueRequired\":true,\"valueName\":\"search_term_string\"}}],\"inLanguage\":\"de\"}]}<\/script>\n<!-- \/ Yoast SEO plugin. -->","yoast_head_json":{"title":"Sonderangebote -","robots":{"index":"index","follow":"follow","max-snippet":"max-snippet:-1","max-image-preview":"max-image-preview:large","max-video-preview":"max-video-preview:-1"},"canonical":"https:\/\/www.camping-les-sableres.com\/de\/gunstigere-ferien","og_locale":"de_DE","og_type":"article","og_title":"Sonderangebote -","og_description":"[vc_row full_width=&#8220;stretch_row_content_no_spaces&#8220; css=&#8220;.vc_custom_1595505043384{margin-top: -50px !important;padding-top: 50px !important;padding-bottom: 50px !important;background-image: url(http:\/\/s836057108.onlinehome.fr\/wp-content\/uploads\/2020\/07\/vague-bleu.png?id=532) !important;background-position: center !important;background-repeat: no-repeat !important;background-size: cover !important;}&#8220;][vc_column icons_position=&#8220;left&#8220;][\/vc_column][\/vc_row][vc_row full_width=&#8220;stretch_row_content_no_spaces&#8220; equal_height=&#8220;yes&#8220; css=&#8220;.vc_custom_1595494873984{margin-top: 100px !important;}&#8220;][vc_column width=&#8220;1\/2&#8243; icons_position=&#8220;left&#8220; css=&#8220;.vc_custom_1595493851202{background-size: cover !important;}&#8220;][vc_hoverbox image=&#8220;912&#8243; primary_title=&#8220;Camping : Sonderangebote&#8220; primary_title_font_container=&#8220;font_size:70%20px|color:%23ffffff&#8220; primary_title_google_fonts=&#8220;font_family:Bubblegum%20Sans%3Aregular|font_style:400%20regular%3A400%3Anormal&#8220; hover_title=&#8220;&#8220; shape=&#8220;square&#8220; hover_background_color=&#8220;custom&#8220; el_width=&#8220;80&#8243; hover_btn_title=&#8220;Reservierung&#8220; hover_btn_style=&#8220;classic&#8220; hover_btn_shape=&#8220;square&#8220; hover_btn_color=&#8220;sky&#8220; hover_btn_size=&#8220;sm&#8220; hover_btn_align=&#8220;center&#8220; use_custom_fonts_primary_title=&#8220;true&#8220; hover_add_button=&#8220;true&#8220; hover_custom_background=&#8220;#fcd001&#8243; hover_btn_link=&#8220;url:https%3A%2F%2Fwww.camping-les-sableres.com%2Fde%2Fgunstigere-ferien|title:Mietungkerk%C3%BCnfte||&#8220;] Vom 28. M\u00e4rz bis 4. July Und vom 29. August bis 1.&hellip;","og_url":"https:\/\/www.camping-les-sableres.com\/de\/gunstigere-ferien","article_modified_time":"2025-12-31T15:45:46+00:00","twitter_card":"summary_large_image","twitter_misc":{"Gesch\u00e4tzte Lesezeit":"1\u00a0Minute"},"schema":{"@context":"https:\/\/schema.org","@graph":[{"@type":"WebPage","@id":"https:\/\/www.camping-les-sableres.com\/de\/gunstigere-ferien","url":"https:\/\/www.camping-les-sableres.com\/de\/gunstigere-ferien","name":"Sonderangebote -","isPartOf":{"@id":"https:\/\/www.camping-les-sableres.com\/#website"},"datePublished":"2020-09-15T09:57:09+00:00","dateModified":"2025-12-31T15:45:46+00:00","breadcrumb":{"@id":"https:\/\/www.camping-les-sableres.com\/de\/gunstigere-ferien#breadcrumb"},"inLanguage":"de","potentialAction":[{"@type":"ReadAction","target":["https:\/\/www.camping-les-sableres.com\/de\/gunstigere-ferien"]}]},{"@type":"BreadcrumbList","@id":"https:\/\/www.camping-les-sableres.com\/de\/gunstigere-ferien#breadcrumb","itemListElement":[{"@type":"ListItem","position":1,"name":"Accueil","item":"https:\/\/www.camping-les-sableres.com\/de"},{"@type":"ListItem","position":2,"name":"Sonderangebote"}]},{"@type":"WebSite","@id":"https:\/\/www.camping-les-sableres.com\/#website","url":"https:\/\/www.camping-les-sableres.com\/","name":"","description":"","potentialAction":[{"@type":"SearchAction","target":{"@type":"EntryPoint","urlTemplate":"https:\/\/www.camping-les-sableres.com\/?s={search_term_string}"},"query-input":{"@type":"PropertyValueSpecification","valueRequired":true,"valueName":"search_term_string"}}],"inLanguage":"de"}]}},"_links":{"self":[{"href":"https:\/\/www.camping-les-sableres.com\/de\/wp-json\/wp\/v2\/pages\/1460","targetHints":{"allow":["GET"]}}],"collection":[{"href":"https:\/\/www.camping-les-sableres.com\/de\/wp-json\/wp\/v2\/pages"}],"about":[{"href":"https:\/\/www.camping-les-sableres.com\/de\/wp-json\/wp\/v2\/types\/page"}],"author":[{"embeddable":true,"href":"https:\/\/www.camping-les-sableres.com\/de\/wp-json\/wp\/v2\/users\/2"}],"replies":[{"embeddable":true,"href":"https:\/\/www.camping-les-sableres.com\/de\/wp-json\/wp\/v2\/comments?post=1460"}],"version-history":[{"count":24,"href":"https:\/\/www.camping-les-sableres.com\/de\/wp-json\/wp\/v2\/pages\/1460\/revisions"}],"predecessor-version":[{"id":2866,"href":"https:\/\/www.camping-les-sableres.com\/de\/wp-json\/wp\/v2\/pages\/1460\/revisions\/2866"}],"wp:attachment":[{"href":"https:\/\/www.camping-les-sableres.com\/de\/wp-json\/wp\/v2\/media?parent=1460"}],"curies":[{"name":"wp","href":"https:\/\/api.w.org\/{rel}","templated":true}]}}