{"id":1025,"date":"2020-07-28T12:36:24","date_gmt":"2020-07-28T12:36:24","guid":{"rendered":"http:\/\/s836057108.onlinehome.fr\/willkommen-auf-dem-camping-municipal-les-sableres"},"modified":"2026-01-20T15:06:33","modified_gmt":"2026-01-20T15:06:33","slug":"willkommen-auf-dem-camping","status":"publish","type":"page","link":"https:\/\/www.camping-les-sableres.com\/de","title":{"rendered":"Willkommen auf dem Camping Municipal Les Sabl\u00e8res!"},"content":{"rendered":"<div class=\"wpb-content-wrapper\"><p>[vc_row full_width=&#8220;stretch_row_content_no_spaces&#8220; hide_bg_image_on_tablet=&#8220;&#8220; hide_bg_image_on_mobile=&#8220;&#8220;][vc_column fix_column=&#8220;&#8220; icons_position=&#8220;left&#8220;][vc_column_text css=&#8220;.vc_custom_1665501294954{margin-bottom: -20px !important;}&#8220;]\n\t\t\t<!-- START Allemand Slider REVOLUTION SLIDER 6.7.38 --><p class=\"rs-p-wp-fix\"><\/p>\n\t\t\t<rs-module-wrap id=\"rev_slider_10_1_wrapper\" data-source=\"gallery\" style=\"visibility:hidden;background:transparent;padding:0;margin:0px auto;margin-top:0;margin-bottom:0;max-width:100%;\">\n\t\t\t\t<rs-module id=\"rev_slider_10_1\" style=\"\" data-version=\"6.7.38\">\n\t\t\t\t\t<rs-slides style=\"overflow: hidden; position: absolute;\">\n\t\t\t\t\t\t<rs-slide style=\"position: absolute;\" data-key=\"rs-24\" data-title=\"Slide\" data-anim=\"ms:600;r:0;\" data-in=\"o:0;\" data-out=\"a:false;\">\n\t\t\t\t\t\t\t<img decoding=\"async\" src=\"\/\/www.camping-les-sableres.com\/wp-content\/plugins\/revslider\/sr6\/assets\/assets\/dummy.png\" alt=\"\" title=\"camping\" width=\"1024\" height=\"567\" class=\"rev-slidebg tp-rs-img rs-lazyload\" data-lazyload=\"\/\/s836057108.onlinehome.fr\/wp-content\/uploads\/2020\/07\/backg.jpg\" data-no-retina>\n<!--\n\t\t\t\t\t\t\t--><rs-layer\n\t\t\t\t\t\t\t\tid=\"slider-10-slide-24-layer-1\" \n\t\t\t\t\t\t\t\tclass=\"title\"\n\t\t\t\t\t\t\t\tdata-type=\"text\"\n\t\t\t\t\t\t\t\tdata-color=\"#ffffff\"\n\t\t\t\t\t\t\t\tdata-rsp_ch=\"on\"\n\t\t\t\t\t\t\t\tdata-xy=\"x:c;y:c;yo:-101px;\"\n\t\t\t\t\t\t\t\tdata-text=\"s:60;l:95;ls:-3px;a:center;\"\n\t\t\t\t\t\t\t\tdata-frame_0=\"sX:0.8;sY:0.8;\"\n\t\t\t\t\t\t\t\tdata-frame_1=\"e:power4.out;st:90;sp:1500;sR:90;\"\n\t\t\t\t\t\t\t\tdata-frame_999=\"o:0;st:w;sR:7410;\"\n\t\t\t\t\t\t\t\tstyle=\"z-index:9;font-family:'Candal';\"\n\t\t\t\t\t\t\t>Willkommen <br> auf dem Camping Municipal <br> Les Sabl\u00e8res! \n\t\t\t\t\t\t\t<\/rs-layer><!--\n\n\t\t\t\t\t\t\t--><rs-layer\n\t\t\t\t\t\t\t\tid=\"slider-10-slide-24-layer-6\" \n\t\t\t\t\t\t\t\tdata-type=\"image\"\n\t\t\t\t\t\t\t\tdata-rsp_ch=\"on\"\n\t\t\t\t\t\t\t\tdata-xy=\"x:c;xo:4px;y:c;yo:-57px;\"\n\t\t\t\t\t\t\t\tdata-text=\"l:22;a:inherit;\"\n\t\t\t\t\t\t\t\tdata-dim=\"w:100%;h:540px;\"\n\t\t\t\t\t\t\t\tdata-frame_0=\"x:-50px;\"\n\t\t\t\t\t\t\t\tdata-frame_1=\"sp:1200;\"\n\t\t\t\t\t\t\t\tdata-frame_999=\"o:0;st:w;sR:7800;\"\n\t\t\t\t\t\t\t\tstyle=\"z-index:8;\"\n\t\t\t\t\t\t\t><img decoding=\"async\" src=\"\/\/www.camping-les-sableres.com\/wp-content\/plugins\/revslider\/sr6\/assets\/assets\/dummy.png\" alt=\"\" class=\"tp-rs-img rs-lazyload\" width=\"1024\" height=\"567\" data-lazyload=\"\/\/www.camping-les-sableres.com\/wp-content\/uploads\/2020\/07\/backg.jpg\" data-c=\"fullwidth\" data-no-retina> \n\t\t\t\t\t\t\t<\/rs-layer><!--\n\n\t\t\t\t\t\t\t--><rs-layer\n\t\t\t\t\t\t\t\tid=\"slider-10-slide-24-layer-10\" \n\t\t\t\t\t\t\t\tdata-type=\"text\"\n\t\t\t\t\t\t\t\tdata-color=\"#ffffff\"\n\t\t\t\t\t\t\t\tdata-xy=\"x:c;y:c;yo:101px;\"\n\t\t\t\t\t\t\t\tdata-text=\"s:17;l:24;a:center;\"\n\t\t\t\t\t\t\t\tdata-dim=\"w:639;h:26px;\"\n\t\t\t\t\t\t\t\tdata-frame_0=\"y:54px;\"\n\t\t\t\t\t\t\t\tdata-frame_1=\"e:power4.inOut;st:1500;sp:2000;sR:1500;\"\n\t\t\t\t\t\t\t\tdata-frame_999=\"o:0;st:w;sR:5500;\"\n\t\t\t\t\t\t\t\tstyle=\"z-index:10;font-family:'Bree Serif';\"\n\t\t\t\t\t\t\t><div class=\"sc_item_button sc_button_wrap sc_align_center\"><a href=\"https:\/\/thelisresa.webcamp.fr\/?camping=vboucau&#038;lang=fr&#038;PHPSESSID=ebdebrtqgn2h8nbrpc5d190pcf\" id=\"sc_button_1331206546\" class=\"sc_button color_style_default sc_button_default sc_button_size_normal sc_button_icon_left\"><span class=\"sc_button_text\"><span class=\"sc_button_title\">Reservierung<\/span><\/span><!-- \/.sc_button_text --><\/a><!-- \/.sc_button --><\/div><!-- \/.sc_item_button --> \n\t\t\t\t\t\t\t<\/rs-layer><!--\n-->\t\t\t\t\t<\/rs-slide>\n\t\t\t\t\t<\/rs-slides>\n\t\t\t\t<\/rs-module>\n\t\t\t\t<script>\n\t\t\t\t\tsetREVStartSize({c: 'rev_slider_10_1',rl:[1240,1024,778,480],el:[800],gw:[1240],gh:[800],type:'standard',justify:'',layout:'fullwidth',mh:\"0\"});if (window.RS_MODULES!==undefined && window.RS_MODULES.modules!==undefined && window.RS_MODULES.modules[\"revslider101\"]!==undefined) {window.RS_MODULES.modules[\"revslider101\"].once = false;window.revapi10 = undefined;if (window.RS_MODULES.checkMinimal!==undefined) window.RS_MODULES.checkMinimal()}\n\t\t\t\t<\/script>\n\t\t\t<\/rs-module-wrap>\n\t\t\t<!-- END REVOLUTION SLIDER -->\n[\/vc_column_text][vc_column_text]<\/p>\n<h1 style=\"text-align: center; font-size: 2em;\">Der Camping Municipal Les Sabl\u00e8res bietet Stellpl\u00e4tze und Mobilheime zu vermieten<\/h1>\n<h6 style=\"font-family: 'Permanent Marker', cursive; color: #fcd001; text-align: center;\">Am Atlantischen Ozean, im Dorf Vieux-Boucau.<\/h6>\n<p>[\/vc_column_text][vc_column_text css=&#8220;&#8220;]<\/p>\n<h5 style=\"text-align: center;\">Der Campingplatz ist vom 28. M\u00e4rz bis zum 1. November 2026 ge\u00f6ffnet.<\/h5>\n<p>[\/vc_column_text][vc_empty_space height=&#8220;20px&#8220; alter_height=&#8220;small&#8220; hide_on_desktop=&#8220;&#8220; hide_on_notebook=&#8220;&#8220; hide_on_tablet=&#8220;&#8220; hide_on_mobile=&#8220;&#8220;]<div class=\"sc_item_button sc_button_wrap sc_align_center\"><a href=\"https:\/\/thelisresa.webcamp.fr\/?camping=vboucau&#038;lang=fr&#038;PHPSESSID=ujfv8khjajf4hu2afe38kmb0aq\" id=\"sc_button_156036747\" class=\"sc_button color_style_default sc_button_default  vc_custom_1665501165141 sc_button_size_normal sc_button_icon_left\"><span class=\"sc_button_text sc_align_center\"><span class=\"sc_button_title\">Reservierung<\/span><\/span><!-- \/.sc_button_text --><\/a><!-- \/.sc_button --><\/div><!-- \/.sc_item_button -->[vc_row_inner equal_height=&#8220;yes&#8220; content_placement=&#8220;middle&#8220; hide_bg_image_on_tablet=&#8220;&#8220; hide_bg_image_on_mobile=&#8220;&#8220; shape_divider_top_front=&#8220;&#8220; shape_divider_bottom_front=&#8220;&#8220; row_delimiter=&#8220;&#8220;][vc_column_inner width=&#8220;1\/2&#8243; icons_position=&#8220;left&#8220;][vc_hoverbox image=&#8220;840&#8243; primary_title=&#8220;Camping : Sonderangebote&#8220; primary_title_font_container=&#8220;font_size:70px|color:%23ffffff&#8220; primary_title_google_fonts=&#8220;font_family:Bubblegum%20Sans%3Aregular|font_style:400%20regular%3A400%3Anormal&#8220; primary_title_css_animation=&#8220;none&#8220; hover_title=&#8220;&#8220; shape=&#8220;square&#8220; hover_background_color=&#8220;custom&#8220; el_width=&#8220;80&#8243; hover_btn_title=&#8220;Stellpl\u00e4tze&#8220; hover_btn_style=&#8220;custom&#8220; hover_btn_custom_background=&#8220;#e8e8e8&#8243; hover_btn_custom_text=&#8220;#ffffff&#8220; css_animation=&#8220;none&#8220; use_custom_fonts_primary_title=&#8220;true&#8220; hover_add_button=&#8220;true&#8220; hover_custom_background=&#8220;#ffd04d&#8220; hover_btn_link=&#8220;url:https%3A%2F%2Fwww.camping-les-sableres.com%2Fde%2Fstellplatze|title:Die%20stellpl%C3%A4tze||&#8220;]<\/p>\n<p style=\"text-align: center; color: black; font-size: 2em;\">Vom 28. M\u00e4rz bis 4. July<\/p>\n<p style=\"text-align: center; color: black; font-size: 2em;\">Und vom 29. August bis 1. November<\/p>\n<p style=\"text-align: center; color: black; font-size: 1em;\">7 N\u00e4chte : -10%<\/p>\n<p style=\"text-align: center; color: black; font-size: 1em;\">14 N\u00e4chte : -20%<\/p>\n<p style=\"text-align: center; color: black; font-size: 1em;\">21 N\u00e4chte : -30%<\/p>\n<p style=\"text-align: center; color: black;\">Aufeinanderfolgende N\u00e4chte, Angebote (au\u00dfer Kurtaxe ) k\u00f6nnen nicht kombiniert sein.<\/p>\n<p>[\/vc_hoverbox][\/vc_column_inner][vc_column_inner width=&#8220;1\/2&#8243; icons_position=&#8220;left&#8220;][vc_hoverbox image=&#8220;837&#8243; primary_title=&#8220;Vermietung : Sonderangebote&#8220; primary_title_font_container=&#8220;font_size:70px|color:%23ffffff&#8220; primary_title_google_fonts=&#8220;font_family:Bubblegum%20Sans%3Aregular|font_style:400%20regular%3A400%3Anormal&#8220; hover_title=&#8220;&#8220; shape=&#8220;square&#8220; hover_background_color=&#8220;custom&#8220; el_width=&#8220;80&#8243; hover_btn_title=&#8220;Reservierung&#8220; hover_btn_color=&#8220;white&#8220; use_custom_fonts_primary_title=&#8220;true&#8220; hover_add_button=&#8220;true&#8220; hover_custom_background=&#8220;#ffd04d&#8220; hover_btn_link=&#8220;url:https%3A%2F%2Fthelisresa.webcamp.fr%2F%3Fcamping%3Dvboucau%26lang%3Dde%26PHPSESSID%3Dujfv8khjajf4hu2afe38kmb0aq|target:_blank&#8220;]<\/p>\n<p style=\"text-align: center; color: black; font-size: 2em; padding-top: 20px;\">Vom 28. M\u00e4rz bis 20. Juni<\/p>\n<p style=\"text-align: center; color: black; font-size: 2em; padding-top: 20px;\">And vom 12. September bis 1. November<\/p>\n<p style=\"text-align: center; color: black; font-size: 1em;\">3 UrlaubsWochen : -30%<\/p>\n<p style=\"text-align: center; color: black; font-size: 1em;\">4 N\u00e4chte au\u00dfer Wochenende : -25%<\/p>\n<p style=\"text-align: center; color: black; padding-bottom: 20px;\">Aufeinanderfolgende N\u00e4chte, Angebote (au\u00dfer Kurtaxe ) k\u00f6nnen nicht kombiniert sein.<\/p>\n<p>[\/vc_hoverbox][\/vc_column_inner][\/vc_row_inner][vc_column_inner width=&#8220;1\/6&#8243; icons_position=&#8220;left&#8220;][\/vc_column_inner][\/vc_column][\/vc_row][vc_row full_width=&#8220;stretch_row&#8220; gap=&#8220;20&#8243; content_placement=&#8220;middle&#8220; hide_bg_image_on_tablet=&#8220;&#8220; hide_bg_image_on_mobile=&#8220;&#8220; shape_divider_top_front=&#8220;&#8220; shape_divider_bottom_front=&#8220;&#8220; css=&#8220;.vc_custom_1596027690631{margin-top: 100px !important;margin-bottom: -40px !important;padding-bottom: 70px !important;background-color: #5b9a42 !important;}&#8220;][vc_column icons_position=&#8220;left&#8220;]<div id=\"sc_title_779862289\"\n\t\tclass=\"sc_title color_style_default sc_title_default  vc_custom_1623406766441\"><h2 class=\"sc_item_title sc_title_title sc_align_center sc_item_title_style_default\">Kommen Sie und verbringen Sie Ihren Urlaub in den Landes<\/h2><h6 class=\"sc_item_subtitle sc_title_subtitle sc_align_center sc_item_title_style_default\">Auf einem 3-Sterne-Campingplatz am Strand !!<\/h6><\/div><!-- \/.sc_title -->[vc_column_text css=&#8220;.vc_custom_1623406787124{margin-top: 50px !important;}&#8220;]<\/p>\n<div class=\"wpb_text_column wpb_content_element vc_custom_1596021643312\">\n<div class=\"wpb_wrapper\" style=\"text-align: center; color: white; font-size: 15px; line-height: 1.5;\">&gt;Der Camping Municipal Les Sabl\u00e8res befindet sich 150 Meter des Ozeans entfernt, in der N\u00e4he des Pinienwaldes von den Landes, und l\u00e4dt Sie zur Fremdheit und zur Entspannung ein.<\/div>\n<\/div>\n<div class=\"vc_row wpb_row vc_inner vc_row-fluid vc_custom_1596021349220 vc_row-has-fill shape_divider_top-none shape_divider_bottom-none\">\n<div class=\"wpb_column vc_column_container vc_col-sm-12 sc_layouts_column_icons_position_left\">\n<div class=\"vc_column-inner vc_custom_1596024349871\">\n<div class=\"wpb_wrapper\">\n<div class=\"wpb_text_column wpb_content_element wpb_animate_when_almost_visible wpb_lightSpeedIn lightSpeedIn vc_custom_1596021659035 wpb_start_animation animated\">\n<div class=\"wpb_wrapper\">\n<p style=\"text-align: center; color: white; font-size: 15px; line-height: 1.5;\">&gt;Der Strand Les Sabl\u00e8res ist von zwei direkten Zug\u00e4ngen erreichbar.<br \/>\nAuf der Atlantikk\u00fcste, in dem Landes Departement befindet sich das Dorf Vieux-Boucau nur 800 Meter vom Camping Municipal Les Sabl\u00e8res entfernt.<br \/>\nGenie\u00dfen Sie mit uns, die Milde des Lebens in Vieux Boucau.<\/p>\n<\/div>\n<\/div>\n<\/div>\n<\/div>\n<\/div>\n<\/div>\n<p>[\/vc_column_text][vc_row_inner css=&#8220;.vc_custom_1596028469121{margin-top: 50px !important;}&#8220;][vc_column_inner width=&#8220;1\/4&#8243; icons_position=&#8220;left&#8220; css=&#8220;.vc_custom_1596021682449{margin-bottom: 20px !important;}&#8220;][vc_single_image image=&#8220;867&#8243; alignment=&#8220;center&#8220;][vc_column_text css=&#8220;.vc_custom_1596029891134{margin-top: 20px !important;margin-bottom: 20px !important;}&#8220;]<\/p>\n<p style=\"color: white; text-align: center; text-transform: uppercase; font-family: 'Bubblegum Sans', cursive; font-size: 20px;\">150 m vom Meer entfernt<\/p>\n<p>[\/vc_column_text][\/vc_column_inner][vc_column_inner width=&#8220;1\/4&#8243; icons_position=&#8220;left&#8220;][vc_single_image image=&#8220;864&#8243; alignment=&#8220;center&#8220;][vc_column_text css=&#8220;.vc_custom_1596029949930{margin-top: 20px !important;margin-bottom: 20px !important;}&#8220;]<\/p>\n<p style=\"color: white; text-align: center; text-transform: uppercase; font-family: 'Bubblegum Sans', cursive; font-size: 20px;\">F\u00fcr Kinder<\/p>\n<p>[\/vc_column_text][\/vc_column_inner][vc_column_inner width=&#8220;1\/4&#8243; icons_position=&#8220;left&#8220;][vc_single_image image=&#8220;891&#8243; alignment=&#8220;center&#8220;][vc_column_text css=&#8220;.vc_custom_1596029920547{margin-top: 20px !important;margin-bottom: 20px !important;}&#8220;]<\/p>\n<p style=\"color: white; text-align: center; text-transform: uppercase; font-family: 'Bubblegum Sans', cursive; font-size: 20px;\">Kollektiver Grill<\/p>\n<p>[\/vc_column_text][\/vc_column_inner][vc_column_inner width=&#8220;1\/4&#8243; icons_position=&#8220;left&#8220;][vc_single_image image=&#8220;894&#8243; alignment=&#8220;center&#8220;][vc_column_text css=&#8220;.vc_custom_1596029934096{margin-top: 20px !important;margin-bottom: 20px !important;}&#8220;]<\/p>\n<p style=\"color: white; text-align: center; text-transform: uppercase; font-family: 'Bubblegum Sans', cursive; font-size: 20px;\">Multisportplatz<\/p>\n<p>[\/vc_column_text][\/vc_column_inner][\/vc_row_inner][\/vc_column][\/vc_row][vc_row full_width=&#8220;stretch_row_content_no_spaces&#8220;][vc_column icons_position=&#8220;left&#8220;][vc_empty_space height=&#8220;50px&#8220; alter_height=&#8220;small&#8220; hide_on_desktop=&#8220;&#8220; hide_on_notebook=&#8220;&#8220; hide_on_tablet=&#8220;&#8220; hide_on_mobile=&#8220;&#8220;][vc_empty_space height=&#8220;50px&#8220; alter_height=&#8220;small&#8220; hide_on_desktop=&#8220;&#8220; hide_on_notebook=&#8220;&#8220; hide_on_tablet=&#8220;&#8220; hide_on_mobile=&#8220;&#8220;][\/vc_column][\/vc_row][vc_row full_width=&#8220;stretch_row_content_no_spaces&#8220;][vc_column icons_position=&#8220;left&#8220;]<div id=\"sc_title_222933147\"\n\t\tclass=\"sc_title color_style_default sc_title_default  vc_custom_1596027453496\"><h2 class=\"sc_item_title sc_title_title sc_align_center sc_item_title_style_default sc_item_title_tag\">Finde uns<\/h2><h6 class=\"sc_item_subtitle sc_title_subtitle sc_align_center sc_item_title_style_default\">boulevard du Marensin 40480 VIEUX BOUCAU \/ 05 58 48 12 29<\/h6><\/div><!-- \/.sc_title -->[vc_empty_space height=&#8220;50px&#8220; alter_height=&#8220;small&#8220; hide_on_desktop=&#8220;&#8220; hide_on_notebook=&#8220;&#8220; hide_on_tablet=&#8220;&#8220; hide_on_mobile=&#8220;&#8220;][\/vc_column][\/vc_row][vc_row][vc_column icons_position=&#8220;left&#8220;][vc_gmaps link=&#8220;#E-8_JTNDaWZyYW1lJTIwc3JjJTNEJTIyaHR0cHMlM0ElMkYlMkZ3d3cuZ29vZ2xlLmNvbSUyRm1hcHMlMkZlbWJlZCUzRnBiJTNEJTIxMW0xOCUyMTFtMTIlMjExbTMlMjExZDI4ODAuMDE3NDAwMTYwMzY2NCUyMTJkLTEuNDA0Mzc0Njg0NzM3NDI2MyUyMTNkNDMuNzkzMjUxOTc5MTE2ODclMjEybTMlMjExZjAlMjEyZjAlMjEzZjAlMjEzbTIlMjExaTEwMjQlMjEyaTc2OCUyMTRmMTMuMSUyMTNtMyUyMTFtMiUyMTFzMHhkNTNlMjg4NDA0MzJhZmYlMjUzQTB4ODg0Yjk1NWI0M2M4ZDY3NiUyMTJzQm91bGV2YXJkJTI1MjBkdSUyNTIwTWFyZW5zaW4lMjUyQyUyNTIwNDA0ODAlMjUyMFZpZXV4LUJvdWNhdS1sZXMtQmFpbnMlMjE1ZTAlMjEzbTIlMjExc2ZyJTIxMnNmciUyMTR2MTU5NjAyNzUxMTYzMCUyMTVtMiUyMTFzZnIlMjEyc2ZyJTIyJTIwd2lkdGglM0QlMjI2MDAlMjIlMjBoZWlnaHQlM0QlMjI0NTAlMjIlMjBmcmFtZWJvcmRlciUzRCUyMjAlMjIlMjBzdHlsZSUzRCUyMmJvcmRlciUzQTAlM0IlMjIlMjBhbGxvd2Z1bGxzY3JlZW4lM0QlMjIlMjIlMjBhcmlhLWhpZGRlbiUzRCUyMmZhbHNlJTIyJTIwdGFiaW5kZXglM0QlMjIwJTIyJTNFJTNDJTJGaWZyYW1lJTNF&#8220;][\/vc_column][\/vc_row]<\/p>\n<\/div>","protected":false},"excerpt":{"rendered":"<p>[vc_row full_width=&#8220;stretch_row_content_no_spaces&#8220; hide_bg_image_on_tablet=&#8220;&#8220; hide_bg_image_on_mobile=&#8220;&#8220;][vc_column fix_column=&#8220;&#8220; icons_position=&#8220;left&#8220;][vc_column_text css=&#8220;.vc_custom_1665501294954{margin-bottom: -20px !important;}&#8220;][\/vc_column_text][vc_column_text] Der Camping Municipal Les Sabl\u00e8res bietet Stellpl\u00e4tze und Mobilheime zu vermieten Am Atlantischen Ozean, im Dorf Vieux-Boucau. [\/vc_column_text][vc_column_text css=&#8220;&#8220;] Der Campingplatz ist vom 28. M\u00e4rz bis zum 1. November 2026 ge\u00f6ffnet. [\/vc_column_text][vc_empty_space height=&#8220;20px&#8220; alter_height=&#8220;small&#8220; hide_on_desktop=&#8220;&#8220; hide_on_notebook=&#8220;&#8220; hide_on_tablet=&#8220;&#8220; hide_on_mobile=&#8220;&#8220;][vc_row_inner equal_height=&#8220;yes&#8220; content_placement=&#8220;middle&#8220; hide_bg_image_on_tablet=&#8220;&#8220; hide_bg_image_on_mobile=&#8220;&#8220; shape_divider_top_front=&#8220;&#8220; shape_divider_bottom_front=&#8220;&#8220; row_delimiter=&#8220;&#8220;][vc_column_inner width=&#8220;1\/2&#8243; icons_position=&#8220;left&#8220;][vc_hoverbox image=&#8220;840&#8243; primary_title=&#8220;Camping : Sonderangebote&#8220;&hellip;<\/p>\n","protected":false},"author":1,"featured_media":0,"parent":0,"menu_order":0,"comment_status":"closed","ping_status":"closed","template":"","meta":{"inline_featured_image":false,"footnotes":""},"class_list":["post-1025","page","type-page","status-publish","hentry"],"yoast_head":"<!-- This site is optimized with the Yoast SEO plugin v26.8 - https:\/\/yoast.com\/product\/yoast-seo-wordpress\/ -->\n<title>Willkommen auf dem Camping Municipal Les Sabl\u00e8res!<\/title>\n<meta name=\"description\" content=\"Der Camping Municipal Les Sabl\u00e8res bietet Stellpl\u00e4tze und Mobilheime zu vermieten. Am Atlantischen Ozean, im Dorf Vieux-Boucau, in den Landes,kommen Sie in die Landes, in unseren 3-Sterne-Campingplatz direkt am Strand, um Ihre Ferien zu verbringen !\" \/>\n<meta name=\"robots\" content=\"index, follow, max-snippet:-1, max-image-preview:large, max-video-preview:-1\" \/>\n<link rel=\"canonical\" href=\"https:\/\/www.camping-les-sableres.com\/de\" \/>\n<meta property=\"og:locale\" content=\"de_DE\" \/>\n<meta property=\"og:type\" content=\"article\" \/>\n<meta property=\"og:title\" content=\"Willkommen auf dem Camping Municipal Les Sabl\u00e8res!\" \/>\n<meta property=\"og:description\" content=\"Der Camping Municipal Les Sabl\u00e8res bietet Stellpl\u00e4tze und Mobilheime zu vermieten. Am Atlantischen Ozean, im Dorf Vieux-Boucau, in den Landes,kommen Sie in die Landes, in unseren 3-Sterne-Campingplatz direkt am Strand, um Ihre Ferien zu verbringen !\" \/>\n<meta property=\"og:url\" content=\"https:\/\/www.camping-les-sableres.com\/de\" \/>\n<meta property=\"article:modified_time\" content=\"2026-01-20T15:06:33+00:00\" \/>\n<meta name=\"twitter:card\" content=\"summary_large_image\" \/>\n<meta name=\"twitter:label1\" content=\"Gesch\u00e4tzte Lesezeit\" \/>\n\t<meta name=\"twitter:data1\" content=\"2\u00a0Minuten\" \/>\n<script type=\"application\/ld+json\" class=\"yoast-schema-graph\">{\"@context\":\"https:\/\/schema.org\",\"@graph\":[{\"@type\":\"WebPage\",\"@id\":\"https:\/\/www.camping-les-sableres.com\/de\",\"url\":\"https:\/\/www.camping-les-sableres.com\/de\",\"name\":\"Willkommen auf dem Camping Municipal Les Sabl\u00e8res!\",\"isPartOf\":{\"@id\":\"https:\/\/www.camping-les-sableres.com\/#website\"},\"datePublished\":\"2020-07-28T12:36:24+00:00\",\"dateModified\":\"2026-01-20T15:06:33+00:00\",\"description\":\"Der Camping Municipal Les Sabl\u00e8res bietet Stellpl\u00e4tze und Mobilheime zu vermieten. Am Atlantischen Ozean, im Dorf Vieux-Boucau, in den Landes,kommen Sie in die Landes, in unseren 3-Sterne-Campingplatz direkt am Strand, um Ihre Ferien zu verbringen !\",\"breadcrumb\":{\"@id\":\"https:\/\/www.camping-les-sableres.com\/de#breadcrumb\"},\"inLanguage\":\"de\",\"potentialAction\":[{\"@type\":\"ReadAction\",\"target\":[\"https:\/\/www.camping-les-sableres.com\/de\"]}]},{\"@type\":\"BreadcrumbList\",\"@id\":\"https:\/\/www.camping-les-sableres.com\/de#breadcrumb\",\"itemListElement\":[{\"@type\":\"ListItem\",\"position\":1,\"name\":\"Accueil\",\"item\":\"https:\/\/www.camping-les-sableres.com\/de\"},{\"@type\":\"ListItem\",\"position\":2,\"name\":\"Willkommen auf dem Camping Municipal Les Sabl\u00e8res!\"}]},{\"@type\":\"WebSite\",\"@id\":\"https:\/\/www.camping-les-sableres.com\/#website\",\"url\":\"https:\/\/www.camping-les-sableres.com\/\",\"name\":\"\",\"description\":\"\",\"potentialAction\":[{\"@type\":\"SearchAction\",\"target\":{\"@type\":\"EntryPoint\",\"urlTemplate\":\"https:\/\/www.camping-les-sableres.com\/?s={search_term_string}\"},\"query-input\":{\"@type\":\"PropertyValueSpecification\",\"valueRequired\":true,\"valueName\":\"search_term_string\"}}],\"inLanguage\":\"de\"}]}<\/script>\n<!-- \/ Yoast SEO plugin. -->","yoast_head_json":{"title":"Willkommen auf dem Camping Municipal Les Sabl\u00e8res!","description":"Der Camping Municipal Les Sabl\u00e8res bietet Stellpl\u00e4tze und Mobilheime zu vermieten. Am Atlantischen Ozean, im Dorf Vieux-Boucau, in den Landes,kommen Sie in die Landes, in unseren 3-Sterne-Campingplatz direkt am Strand, um Ihre Ferien zu verbringen !","robots":{"index":"index","follow":"follow","max-snippet":"max-snippet:-1","max-image-preview":"max-image-preview:large","max-video-preview":"max-video-preview:-1"},"canonical":"https:\/\/www.camping-les-sableres.com\/de","og_locale":"de_DE","og_type":"article","og_title":"Willkommen auf dem Camping Municipal Les Sabl\u00e8res!","og_description":"Der Camping Municipal Les Sabl\u00e8res bietet Stellpl\u00e4tze und Mobilheime zu vermieten. Am Atlantischen Ozean, im Dorf Vieux-Boucau, in den Landes,kommen Sie in die Landes, in unseren 3-Sterne-Campingplatz direkt am Strand, um Ihre Ferien zu verbringen !","og_url":"https:\/\/www.camping-les-sableres.com\/de","article_modified_time":"2026-01-20T15:06:33+00:00","twitter_card":"summary_large_image","twitter_misc":{"Gesch\u00e4tzte Lesezeit":"2\u00a0Minuten"},"schema":{"@context":"https:\/\/schema.org","@graph":[{"@type":"WebPage","@id":"https:\/\/www.camping-les-sableres.com\/de","url":"https:\/\/www.camping-les-sableres.com\/de","name":"Willkommen auf dem Camping Municipal Les Sabl\u00e8res!","isPartOf":{"@id":"https:\/\/www.camping-les-sableres.com\/#website"},"datePublished":"2020-07-28T12:36:24+00:00","dateModified":"2026-01-20T15:06:33+00:00","description":"Der Camping Municipal Les Sabl\u00e8res bietet Stellpl\u00e4tze und Mobilheime zu vermieten. Am Atlantischen Ozean, im Dorf Vieux-Boucau, in den Landes,kommen Sie in die Landes, in unseren 3-Sterne-Campingplatz direkt am Strand, um Ihre Ferien zu verbringen !","breadcrumb":{"@id":"https:\/\/www.camping-les-sableres.com\/de#breadcrumb"},"inLanguage":"de","potentialAction":[{"@type":"ReadAction","target":["https:\/\/www.camping-les-sableres.com\/de"]}]},{"@type":"BreadcrumbList","@id":"https:\/\/www.camping-les-sableres.com\/de#breadcrumb","itemListElement":[{"@type":"ListItem","position":1,"name":"Accueil","item":"https:\/\/www.camping-les-sableres.com\/de"},{"@type":"ListItem","position":2,"name":"Willkommen auf dem Camping Municipal Les Sabl\u00e8res!"}]},{"@type":"WebSite","@id":"https:\/\/www.camping-les-sableres.com\/#website","url":"https:\/\/www.camping-les-sableres.com\/","name":"","description":"","potentialAction":[{"@type":"SearchAction","target":{"@type":"EntryPoint","urlTemplate":"https:\/\/www.camping-les-sableres.com\/?s={search_term_string}"},"query-input":{"@type":"PropertyValueSpecification","valueRequired":true,"valueName":"search_term_string"}}],"inLanguage":"de"}]}},"_links":{"self":[{"href":"https:\/\/www.camping-les-sableres.com\/de\/wp-json\/wp\/v2\/pages\/1025","targetHints":{"allow":["GET"]}}],"collection":[{"href":"https:\/\/www.camping-les-sableres.com\/de\/wp-json\/wp\/v2\/pages"}],"about":[{"href":"https:\/\/www.camping-les-sableres.com\/de\/wp-json\/wp\/v2\/types\/page"}],"author":[{"embeddable":true,"href":"https:\/\/www.camping-les-sableres.com\/de\/wp-json\/wp\/v2\/users\/1"}],"replies":[{"embeddable":true,"href":"https:\/\/www.camping-les-sableres.com\/de\/wp-json\/wp\/v2\/comments?post=1025"}],"version-history":[{"count":68,"href":"https:\/\/www.camping-les-sableres.com\/de\/wp-json\/wp\/v2\/pages\/1025\/revisions"}],"predecessor-version":[{"id":2894,"href":"https:\/\/www.camping-les-sableres.com\/de\/wp-json\/wp\/v2\/pages\/1025\/revisions\/2894"}],"wp:attachment":[{"href":"https:\/\/www.camping-les-sableres.com\/de\/wp-json\/wp\/v2\/media?parent=1025"}],"curies":[{"name":"wp","href":"https:\/\/api.w.org\/{rel}","templated":true}]}}