{"id":1009,"date":"2020-07-28T12:08:26","date_gmt":"2020-07-28T12:08:26","guid":{"rendered":"http:\/\/s836057108.onlinehome.fr\/kontakt"},"modified":"2025-02-05T14:37:48","modified_gmt":"2025-02-05T14:37:48","slug":"kontakt","status":"publish","type":"page","link":"https:\/\/www.camping-les-sableres.com\/de\/kontakt","title":{"rendered":"Kontakt"},"content":{"rendered":"<div class=\"wpb-content-wrapper\"><p>[vc_row full_width=&#8220;stretch_row_content_no_spaces&#8220; css=&#8220;.vc_custom_1595841019447{margin-top: -50px !important;padding-top: 100px !important;padding-bottom: 100px !important;background-image: url(http:\/\/s836057108.onlinehome.fr\/wp-content\/uploads\/2020\/07\/vague-bleu-1.png?id=602) !important;background-position: center !important;background-repeat: no-repeat !important;background-size: cover !important;}&#8220;][vc_column icons_position=&#8220;left&#8220;]<div id=\"sc_title_574073293\"\n\t\tclass=\"sc_title color_style_default sc_title_default\"><h2 class=\"sc_item_title sc_title_title sc_align_center sc_item_title_style_default\">Sende eine Nachricht an Camping Municipal Les Sabl\u00e8res<\/h2><\/div><!-- \/.sc_title -->[\/vc_column][\/vc_row][vc_row][vc_column icons_position=&#8220;left&#8220;][vc_column_text css=&#8220;&#8220;]Wenn Sie uns eine Nachricht hinterlassen, uns eine Frage stellen oder eine Reservierungsanfrage stellen m\u00f6chten, hinterlassen Sie uns unten eine Nachricht, wir werden so schnell wie m\u00f6glich antworten![\/vc_column_text]<div\n\t id=\"sc_form_2051846046\"\tclass=\"sc_form color_style_default sc_form_default  vc_custom_1728050272161 sc_align_Default\"><form class=\"sc_form_form \" method=\"post\" action=\"https:\/\/www.camping-les-sableres.com\/wp-admin\/admin-ajax.php\"><input type=\"hidden\" name=\"form_data\" value=\"1970643310\"><div class=\"sc_form_details trx_addons_columns_wrap\"><div class=\"trx_addons_column-1_2\"><label class=\"sc_form_field sc_form_field_name sc_form_field_text required\"><span class=\"sc_form_field_wrap\"><input type=\"text\" \n\t\t\t\t\tname=\"name\"\n\t\t\t\t\tid=\"name_327568213\"\n\t\t\t\t\tvalue=\"\" aria-required=\"true\" placeholder=\"Your name\"><\/span><\/label><\/div><div class=\"trx_addons_column-1_2\"><label class=\"sc_form_field sc_form_field_email sc_form_field_text required\"><span class=\"sc_form_field_wrap\"><input type=\"text\" \n\t\t\t\t\tname=\"email\"\n\t\t\t\t\tid=\"email_640993030\"\n\t\t\t\t\tvalue=\"\" aria-required=\"true\" placeholder=\"Your e-mail\"><\/span><\/label><\/div><\/div><label class=\"sc_form_field sc_form_field_message sc_form_field_textarea required\"><span class=\"sc_form_field_wrap\"><textarea\n\t\t\t\tname=\"message\"\n\t\t\t\tid=\"message_577068077\" aria-required=\"true\" placeholder=\"Your message\"><\/textarea><\/span><\/label><div class=\"sc_form_field sc_form_field_checkbox\"><input type=\"checkbox\" id=\"i_agree_privacy_policy_sc_form_1\" name=\"i_agree_privacy_policy\" class=\"sc_form_privacy_checkbox\" value=\"1\">\n            <label for=\"i_agree_privacy_policy_sc_form_1\">I agree that my submitted data is being collected and stored. For further details on handling user data, see our <a href=\"https:\/\/www.camping-les-sableres.com\/privacy_policy\" target=\"_blank\">Privacy Policy<\/a><\/label>\n            <\/div><div class=\"sc_form_field sc_form_field_button sc_form_field_submit\"><button class=\"\" disabled=\"disabled\">Senden<\/button>\n        <\/div>\n        <div class=\"trx_addons_message_box sc_form_result\"><\/div>\n        <\/form><\/div><!-- \/.sc_form -->[vc_column_text]<\/p>\n<h2>Vertraulichkeit<\/h2>\n<p>Die Informationen, die in dieser Form enthalten sind, werden nur dann verwendet werden, um Ihre Anwendung zu verarbeiten und zu Zwecken streng vertraulich behandelt. Im Rahmen des Datenschutzgesetzes vom 6. Januar 1978 haben Sie ein Recht auf Zugang, \u00c4nderung, Berichtigung und L\u00f6schen von Daten. Sie k\u00f6nnen dieses Recht aus\u00fcben, indem er an &#8222;Camping Municipal Les Sabl\u00e8res&#8220;, dessen Adresse: Camping Municipal Les Sabl\u00e8res<br \/>\nBd du Marensin<br \/>\n40480 Vieux-Boucau<br \/>\n(France)<br \/>\nEmail : contact@camping-les-sableres.com[\/vc_column_text][\/vc_column][\/vc_row][vc_row][vc_column icons_position=&#8220;left&#8220;][\/vc_column][\/vc_row][vc_row][vc_column icons_position=&#8220;left&#8220;][vc_column_text css=&#8220;&#8220;]<div style=\"display:none\" class=\"fm-form-container fm-theme1\"><div id=\"fm-pages1\" class=\"fm-pages wdform_page_navigation \" show_title=\"\" show_numbers=\"1\" type=\"none\"><\/div><form name=\"form1\" action=\"\/de\/wp-json\/wp\/v2\/pages\/1009\" method=\"post\" id=\"form1\" class=\"fm-form form1  \" enctype=\"multipart\/form-data\"><input type=\"hidden\" id=\"fm_page_id1\" value=\"1009\" name=\"fm_page_id1\" \/><input type=\"hidden\" id=\"fm_current_post_type1\" value=\"page\" name=\"fm_current_post_type1\" \/><input type=\"hidden\" id=\"counter1\" value=\"7\" name=\"counter1\" \/><input type=\"hidden\" id=\"Itemid1\" value=\"\" name=\"Itemid1\" \/><input type=\"hidden\" id=\"fm_shake1\" value=\"1\" name=\"fm_shake1\" \/><input type=\"text\" class=\"fm-hide\" id=\"fm_empty_field_validation1\" value=\"\" name=\"fm_empty_field_validation1\" data-value=\"bd736efb144d599cf463541431fbf5c4\" \/><div class=\"fm-header-bg\"><div class=\"fm-header \"><div class=\"fm-header-text\">          <div class=\"fm-header-title\">            Contact Us          <\/div>          <div class=\"fm-header-description\">            You may contact us by filling in this form any time you need professional support or have any questions. You can also fill in the form to leave your comments or feedback.          <\/div>        <\/div><\/div><\/div><div class=\"wdform-page-and-images fm-form-builder\"><div id=\"1form_view1\" class=\"wdform_page\" page_title=\"Untitled page\" next_title=\"Next\" next_type=\"text\" next_class=\"wdform-page-button\" next_checkable=\"true\" previous_title=\"Previous\" previous_type=\"text\" previous_class=\"wdform-page-button\" previous_checkable=\"false\"><div class=\"wdform_section\"><div class=\"wdform_column\"><div wdid=\"2\" class=\"wdform_row\"><div type=\"type_text\" class=\"wdform-field wd-width-100 wd-flex wd-flex-column fm-type_text\" ><div class=\"wdform-label-section wd-width-100  wd-flex-row wd-align-items-center\">    <label  for=\"wdform_2_element1\" class=\"wdform-label\">Name<\/label><span class=\"wdform-required\">*<\/span><\/div><div class=\"wdform-element-section wd-flex  wd-flex-row wd-align-items-center wd-width-100\" ><input type=\"text\"                           class=\"wd-width-100\"                           id=\"wdform_2_element1\"                           name=\"wdform_2_element1\"                           value=\"\"                           data-value=\"\"                           title=\"\"                           placeholder=\"\"                                                       \/><\/div><\/div><\/div><\/div><div class=\"wdform_column\"><div wdid=\"3\" class=\"wdform_row\"><div type=\"type_submitter_mail\" class=\"wdform-field wd-width-100 wd-flex wd-flex-column fm-type_submitter_mail\" ><div class=\"wdform-label-section wd-width-100  wd-flex-row\">    <label  for=\"wdform_3_element1\" class=\"wdform-label\">Email<\/label><span class=\"wdform-required\">*<\/span><\/div><div class=\"wdform-element-section wd-flex  wd-flex-row wd-width-100\" ><input type=\"text\" class=\"wd-width-100\" id=\"wdform_3_element1\" name=\"wdform_3_element1\" data-value=\"\" value=\"\" title=\"\" placeholder=\"\"   onchange=\"wd_check_email('3', '1', 'Dies ist keine g\u00fcltige E-Mail-Adresse.')\" \/><\/div><\/div><\/div><\/div><div class=\"wdform_column\"><div wdid=\"6\" class=\"wdform_row\" style=\"position: relative; left: 0px; top: 0px;\"><div type=\"type_text\" class=\"wdform-field wd-width-100 wd-flex wd-flex-column fm-type_text\" ><div class=\"wdform-label-section wd-width-100  wd-flex-row wd-align-items-center\">    <label  for=\"wdform_6_element1\" class=\"wdform-label\">Phone number<\/label><span class=\"wdform-required\">*<\/span><\/div><div class=\"wdform-element-section wd-flex  wd-flex-row wd-align-items-center wd-width-100\" ><input type=\"text\"                           class=\"wd-width-100\"                           id=\"wdform_6_element1\"                           name=\"wdform_6_element1\"                           value=\"\"                           data-value=\"\"                           title=\"\"                           placeholder=\"\"                                                       \/><\/div><\/div><\/div><\/div><div class=\"wdform_column\"><div wdid=\"4\" class=\"wdform_row\"><div type=\"type_text\" class=\"wdform-field wd-width-100 wd-flex wd-flex-column fm-type_text\" ><div class=\"wdform-label-section wd-width-100  wd-flex-row wd-align-items-center\">    <label  for=\"wdform_4_element1\" class=\"wdform-label\">Subject<\/label><span class=\"wdform-required\">*<\/span><\/div><div class=\"wdform-element-section wd-flex  wd-flex-row wd-align-items-center wd-width-100\" ><input type=\"text\"                           class=\"wd-width-100\"                           id=\"wdform_4_element1\"                           name=\"wdform_4_element1\"                           value=\"\"                           data-value=\"\"                           title=\"\"                           placeholder=\"\"                                                       \/><\/div><\/div><\/div><\/div><div class=\"wdform_column\"><div wdid=\"5\" class=\"wdform_row\"><div type=\"type_textarea\" class=\"wdform-field wd-width-100 wd-flex wd-flex-column fm-type_textarea\" ><div class=\"wdform-label-section wd-width-100 \">    <label  for=\"wdform_5_element1\" class=\"wdform-label\">Message<\/label><span class=\"wdform-required\">*<\/span><\/div><div class=\"wdform-element-section wd-flex  wd-width-100\" ><textarea class=\"wd-width-100\"                      id=\"wdform_5_element1\"                      name=\"wdform_5_element1\"                      placeholder=\"\"                      data-value=\"\"                      maxlength=\"\"                      style=\"height: 100px;\"                      ><\/textarea><\/div><\/div><\/div><\/div><div class=\"wdform_column\"><div wdid=\"1\" class=\"wdform_row\"><div type=\"type_submit_reset\" class=\"wdform-field wd-width-100 wd-flex wd-flex-column fm-type_submit_reset\" ><div class=\"wdform-element-section wd-flex  wd-flex-row wd-justify-content-left wd-width-100\" ><button  type=\"button\" class=\"button-submit\" onclick=\"fm_submit_form('1');\"  data-ajax=\"0\"><span class=\"fm-submit-loading spinner fm-ico-spinner\"><\/span>Submit<\/button><button  type=\"button\" class=\"button-reset wd-hidden\" onclick=\"fm_reset_form(1);\" >Reset<\/button><\/div><\/div><\/div><\/div><\/div><div valign=\"top\" class=\"wdform_footer wd-width-100\"><div class=\"wd-width-100\"><div class=\"wd-width-100 wd-table\" style=\"padding-top:10px;\"><div class=\"wd-table-group\"><div id=\"1page_nav1\" class=\"wd-table-row\"><\/div><\/div><\/div><\/div><\/div><\/div><\/div><div class=\"wdform_preload\"><\/div><input type=\"hidden\" name=\"fm-current-page\" value=\"https:\/\/www.camping-les-sableres.com\/de\/wp-json\/wp\/v2\/pages\/1009\" \/><\/form><\/div>[\/vc_column_text][\/vc_column][\/vc_row]<\/p>\n<\/div>","protected":false},"excerpt":{"rendered":"<p>[vc_row full_width=&#8220;stretch_row_content_no_spaces&#8220; css=&#8220;.vc_custom_1595841019447{margin-top: -50px !important;padding-top: 100px !important;padding-bottom: 100px !important;background-image: url(http:\/\/s836057108.onlinehome.fr\/wp-content\/uploads\/2020\/07\/vague-bleu-1.png?id=602) !important;background-position: center !important;background-repeat: no-repeat !important;background-size: cover !important;}&#8220;][vc_column icons_position=&#8220;left&#8220;][\/vc_column][\/vc_row][vc_row][vc_column icons_position=&#8220;left&#8220;][vc_column_text css=&#8220;&#8220;]Wenn Sie uns eine Nachricht hinterlassen, uns eine Frage stellen oder eine Reservierungsanfrage stellen m\u00f6chten, hinterlassen Sie uns unten eine Nachricht, wir werden so schnell wie m\u00f6glich antworten![\/vc_column_text][vc_column_text] Vertraulichkeit Die Informationen, die in dieser Form enthalten sind, werden nur dann verwendet&hellip;<\/p>\n","protected":false},"author":1,"featured_media":0,"parent":0,"menu_order":0,"comment_status":"closed","ping_status":"closed","template":"","meta":{"inline_featured_image":false,"footnotes":""},"class_list":["post-1009","page","type-page","status-publish","hentry"],"yoast_head":"<!-- This site is optimized with the Yoast SEO plugin v26.8 - https:\/\/yoast.com\/product\/yoast-seo-wordpress\/ -->\n<title>Kontakt -<\/title>\n<meta name=\"robots\" content=\"index, follow, max-snippet:-1, max-image-preview:large, max-video-preview:-1\" \/>\n<link rel=\"canonical\" href=\"https:\/\/www.camping-les-sableres.com\/de\/kontakt\" \/>\n<meta property=\"og:locale\" content=\"de_DE\" \/>\n<meta property=\"og:type\" content=\"article\" \/>\n<meta property=\"og:title\" content=\"Kontakt -\" \/>\n<meta property=\"og:description\" content=\"[vc_row full_width=&#8220;stretch_row_content_no_spaces&#8220; css=&#8220;.vc_custom_1595841019447{margin-top: -50px !important;padding-top: 100px !important;padding-bottom: 100px !important;background-image: url(http:\/\/s836057108.onlinehome.fr\/wp-content\/uploads\/2020\/07\/vague-bleu-1.png?id=602) !important;background-position: center !important;background-repeat: no-repeat !important;background-size: cover !important;}&#8220;][vc_column icons_position=&#8220;left&#8220;][\/vc_column][\/vc_row][vc_row][vc_column icons_position=&#8220;left&#8220;][vc_column_text css=&#8220;&#8220;]Wenn Sie uns eine Nachricht hinterlassen, uns eine Frage stellen oder eine Reservierungsanfrage stellen m\u00f6chten, hinterlassen Sie uns unten eine Nachricht, wir werden so schnell wie m\u00f6glich antworten![\/vc_column_text][vc_column_text] Vertraulichkeit Die Informationen, die in dieser Form enthalten sind, werden nur dann verwendet&hellip;\" \/>\n<meta property=\"og:url\" content=\"https:\/\/www.camping-les-sableres.com\/de\/kontakt\" \/>\n<meta property=\"article:modified_time\" content=\"2025-02-05T14:37:48+00:00\" \/>\n<meta name=\"twitter:card\" content=\"summary_large_image\" \/>\n<meta name=\"twitter:label1\" content=\"Gesch\u00e4tzte Lesezeit\" \/>\n\t<meta name=\"twitter:data1\" content=\"1\u00a0Minute\" \/>\n<script type=\"application\/ld+json\" class=\"yoast-schema-graph\">{\"@context\":\"https:\/\/schema.org\",\"@graph\":[{\"@type\":\"WebPage\",\"@id\":\"https:\/\/www.camping-les-sableres.com\/de\/kontakt\",\"url\":\"https:\/\/www.camping-les-sableres.com\/de\/kontakt\",\"name\":\"Kontakt -\",\"isPartOf\":{\"@id\":\"https:\/\/www.camping-les-sableres.com\/#website\"},\"datePublished\":\"2020-07-28T12:08:26+00:00\",\"dateModified\":\"2025-02-05T14:37:48+00:00\",\"breadcrumb\":{\"@id\":\"https:\/\/www.camping-les-sableres.com\/de\/kontakt#breadcrumb\"},\"inLanguage\":\"de\",\"potentialAction\":[{\"@type\":\"ReadAction\",\"target\":[\"https:\/\/www.camping-les-sableres.com\/de\/kontakt\"]}]},{\"@type\":\"BreadcrumbList\",\"@id\":\"https:\/\/www.camping-les-sableres.com\/de\/kontakt#breadcrumb\",\"itemListElement\":[{\"@type\":\"ListItem\",\"position\":1,\"name\":\"Accueil\",\"item\":\"https:\/\/www.camping-les-sableres.com\/de\"},{\"@type\":\"ListItem\",\"position\":2,\"name\":\"Kontakt\"}]},{\"@type\":\"WebSite\",\"@id\":\"https:\/\/www.camping-les-sableres.com\/#website\",\"url\":\"https:\/\/www.camping-les-sableres.com\/\",\"name\":\"\",\"description\":\"\",\"potentialAction\":[{\"@type\":\"SearchAction\",\"target\":{\"@type\":\"EntryPoint\",\"urlTemplate\":\"https:\/\/www.camping-les-sableres.com\/?s={search_term_string}\"},\"query-input\":{\"@type\":\"PropertyValueSpecification\",\"valueRequired\":true,\"valueName\":\"search_term_string\"}}],\"inLanguage\":\"de\"}]}<\/script>\n<!-- \/ Yoast SEO plugin. -->","yoast_head_json":{"title":"Kontakt -","robots":{"index":"index","follow":"follow","max-snippet":"max-snippet:-1","max-image-preview":"max-image-preview:large","max-video-preview":"max-video-preview:-1"},"canonical":"https:\/\/www.camping-les-sableres.com\/de\/kontakt","og_locale":"de_DE","og_type":"article","og_title":"Kontakt -","og_description":"[vc_row full_width=&#8220;stretch_row_content_no_spaces&#8220; css=&#8220;.vc_custom_1595841019447{margin-top: -50px !important;padding-top: 100px !important;padding-bottom: 100px !important;background-image: url(http:\/\/s836057108.onlinehome.fr\/wp-content\/uploads\/2020\/07\/vague-bleu-1.png?id=602) !important;background-position: center !important;background-repeat: no-repeat !important;background-size: cover !important;}&#8220;][vc_column icons_position=&#8220;left&#8220;][\/vc_column][\/vc_row][vc_row][vc_column icons_position=&#8220;left&#8220;][vc_column_text css=&#8220;&#8220;]Wenn Sie uns eine Nachricht hinterlassen, uns eine Frage stellen oder eine Reservierungsanfrage stellen m\u00f6chten, hinterlassen Sie uns unten eine Nachricht, wir werden so schnell wie m\u00f6glich antworten![\/vc_column_text][vc_column_text] Vertraulichkeit Die Informationen, die in dieser Form enthalten sind, werden nur dann verwendet&hellip;","og_url":"https:\/\/www.camping-les-sableres.com\/de\/kontakt","article_modified_time":"2025-02-05T14:37:48+00:00","twitter_card":"summary_large_image","twitter_misc":{"Gesch\u00e4tzte Lesezeit":"1\u00a0Minute"},"schema":{"@context":"https:\/\/schema.org","@graph":[{"@type":"WebPage","@id":"https:\/\/www.camping-les-sableres.com\/de\/kontakt","url":"https:\/\/www.camping-les-sableres.com\/de\/kontakt","name":"Kontakt -","isPartOf":{"@id":"https:\/\/www.camping-les-sableres.com\/#website"},"datePublished":"2020-07-28T12:08:26+00:00","dateModified":"2025-02-05T14:37:48+00:00","breadcrumb":{"@id":"https:\/\/www.camping-les-sableres.com\/de\/kontakt#breadcrumb"},"inLanguage":"de","potentialAction":[{"@type":"ReadAction","target":["https:\/\/www.camping-les-sableres.com\/de\/kontakt"]}]},{"@type":"BreadcrumbList","@id":"https:\/\/www.camping-les-sableres.com\/de\/kontakt#breadcrumb","itemListElement":[{"@type":"ListItem","position":1,"name":"Accueil","item":"https:\/\/www.camping-les-sableres.com\/de"},{"@type":"ListItem","position":2,"name":"Kontakt"}]},{"@type":"WebSite","@id":"https:\/\/www.camping-les-sableres.com\/#website","url":"https:\/\/www.camping-les-sableres.com\/","name":"","description":"","potentialAction":[{"@type":"SearchAction","target":{"@type":"EntryPoint","urlTemplate":"https:\/\/www.camping-les-sableres.com\/?s={search_term_string}"},"query-input":{"@type":"PropertyValueSpecification","valueRequired":true,"valueName":"search_term_string"}}],"inLanguage":"de"}]}},"_links":{"self":[{"href":"https:\/\/www.camping-les-sableres.com\/de\/wp-json\/wp\/v2\/pages\/1009","targetHints":{"allow":["GET"]}}],"collection":[{"href":"https:\/\/www.camping-les-sableres.com\/de\/wp-json\/wp\/v2\/pages"}],"about":[{"href":"https:\/\/www.camping-les-sableres.com\/de\/wp-json\/wp\/v2\/types\/page"}],"author":[{"embeddable":true,"href":"https:\/\/www.camping-les-sableres.com\/de\/wp-json\/wp\/v2\/users\/1"}],"replies":[{"embeddable":true,"href":"https:\/\/www.camping-les-sableres.com\/de\/wp-json\/wp\/v2\/comments?post=1009"}],"version-history":[{"count":8,"href":"https:\/\/www.camping-les-sableres.com\/de\/wp-json\/wp\/v2\/pages\/1009\/revisions"}],"predecessor-version":[{"id":2819,"href":"https:\/\/www.camping-les-sableres.com\/de\/wp-json\/wp\/v2\/pages\/1009\/revisions\/2819"}],"wp:attachment":[{"href":"https:\/\/www.camping-les-sableres.com\/de\/wp-json\/wp\/v2\/media?parent=1009"}],"curies":[{"name":"wp","href":"https:\/\/api.w.org\/{rel}","templated":true}]}}